{"id":527719,"date":"2024-05-03T14:21:19","date_gmt":"2024-05-03T12:21:19","guid":{"rendered":"https:\/\/tilefly.com\/producto\/anti-slip-koen-miele-matt-rect-20x120\/"},"modified":"2024-05-06T02:47:00","modified_gmt":"2024-05-06T00:47:00","slug":"anti-slip-koen-miele-matt-rect-20x120","status":"publish","type":"product","link":"https:\/\/tilefly.com\/fr\/produit\/anti-slip-koen-miele-matt-rect-20x120\/","title":{"rendered":"ANTI-SLIP KOEN MIELE MATT RECT 20X120"},"content":{"rendered":"<p>Imitation bois de la s\u00e9rie Koen, en gr\u00e8s c\u00e9rame tr\u00e8s r\u00e9sistant.<\/p>","protected":false},"excerpt":{"rendered":"<p>Imitation bois de la s\u00e9rie Koen, en gr\u00e8s c\u00e9rame tr\u00e8s r\u00e9sistant.<\/p>\n","protected":false},"featured_media":527722,"comment_status":"open","ping_status":"closed","template":"","meta":[],"product_brand":[],"product_cat":[353,355,356,354],"product_tag":[],"class_list":{"0":"post-527719","1":"product","2":"type-product","3":"status-publish","4":"has-post-thumbnail","6":"product_cat-carrelage","7":"product_cat-cuisines","8":"product_cat-faiences","9":"product_cat-carrelage-salle-de-bain","11":"first","12":"instock","13":"shipping-taxable","14":"purchasable","15":"product-type-simple"},"_links":{"self":[{"href":"https:\/\/tilefly.com\/fr\/wp-json\/wp\/v2\/product\/527719","targetHints":{"allow":["GET"]}}],"collection":[{"href":"https:\/\/tilefly.com\/fr\/wp-json\/wp\/v2\/product"}],"about":[{"href":"https:\/\/tilefly.com\/fr\/wp-json\/wp\/v2\/types\/product"}],"replies":[{"embeddable":true,"href":"https:\/\/tilefly.com\/fr\/wp-json\/wp\/v2\/comments?post=527719"}],"wp:featuredmedia":[{"embeddable":true,"href":"https:\/\/tilefly.com\/fr\/wp-json\/wp\/v2\/media\/527722"}],"wp:attachment":[{"href":"https:\/\/tilefly.com\/fr\/wp-json\/wp\/v2\/media?parent=527719"}],"wp:term":[{"taxonomy":"product_brand","embeddable":true,"href":"https:\/\/tilefly.com\/fr\/wp-json\/wp\/v2\/product_brand?post=527719"},{"taxonomy":"product_cat","embeddable":true,"href":"https:\/\/tilefly.com\/fr\/wp-json\/wp\/v2\/product_cat?post=527719"},{"taxonomy":"product_tag","embeddable":true,"href":"https:\/\/tilefly.com\/fr\/wp-json\/wp\/v2\/product_tag?post=527719"}],"curies":[{"name":"wp","href":"https:\/\/api.w.org\/{rel}","templated":true}]}}