{"id":527713,"date":"2021-01-29T17:34:02","date_gmt":"2021-01-29T16:34:02","guid":{"rendered":"https:\/\/tilefly.com\/producto\/anti-slip-koen-cenere-matt-rect-20x120\/"},"modified":"2024-05-06T02:46:53","modified_gmt":"2024-05-06T00:46:53","slug":"anti-slip-koen-cenere-matt-rect-20x120","status":"publish","type":"product","link":"https:\/\/tilefly.com\/fr\/produit\/anti-slip-koen-cenere-matt-rect-20x120\/","title":{"rendered":"ANTI-SLIP KOEN CENERE MATT RECT 20X120"},"content":{"rendered":"<p>Imitation bois de la s\u00e9rie Koen, en gr\u00e8s c\u00e9rame tr\u00e8s r\u00e9sistant.<\/p>","protected":false},"excerpt":{"rendered":"<p>Imitation bois de la s\u00e9rie Koen, en gr\u00e8s c\u00e9rame tr\u00e8s r\u00e9sistant.<\/p>\n","protected":false},"featured_media":245428,"comment_status":"open","ping_status":"closed","template":"","meta":[],"product_brand":[],"product_cat":[353,355,356,354],"product_tag":[],"class_list":{"0":"post-527713","1":"product","2":"type-product","3":"status-publish","4":"has-post-thumbnail","6":"product_cat-carrelage","7":"product_cat-cuisines","8":"product_cat-faiences","9":"product_cat-carrelage-salle-de-bain","11":"first","12":"outofstock","13":"shipping-taxable","14":"purchasable","15":"product-type-simple"},"_links":{"self":[{"href":"https:\/\/tilefly.com\/fr\/wp-json\/wp\/v2\/product\/527713","targetHints":{"allow":["GET"]}}],"collection":[{"href":"https:\/\/tilefly.com\/fr\/wp-json\/wp\/v2\/product"}],"about":[{"href":"https:\/\/tilefly.com\/fr\/wp-json\/wp\/v2\/types\/product"}],"replies":[{"embeddable":true,"href":"https:\/\/tilefly.com\/fr\/wp-json\/wp\/v2\/comments?post=527713"}],"wp:featuredmedia":[{"embeddable":true,"href":"https:\/\/tilefly.com\/fr\/wp-json\/wp\/v2\/media\/245428"}],"wp:attachment":[{"href":"https:\/\/tilefly.com\/fr\/wp-json\/wp\/v2\/media?parent=527713"}],"wp:term":[{"taxonomy":"product_brand","embeddable":true,"href":"https:\/\/tilefly.com\/fr\/wp-json\/wp\/v2\/product_brand?post=527713"},{"taxonomy":"product_cat","embeddable":true,"href":"https:\/\/tilefly.com\/fr\/wp-json\/wp\/v2\/product_cat?post=527713"},{"taxonomy":"product_tag","embeddable":true,"href":"https:\/\/tilefly.com\/fr\/wp-json\/wp\/v2\/product_tag?post=527713"}],"curies":[{"name":"wp","href":"https:\/\/api.w.org\/{rel}","templated":true}]}}