{"id":527622,"date":"2020-10-09T16:53:19","date_gmt":"2024-05-06T00:45:49","guid":{"rendered":"https:\/\/tilefly.com\/producto\/woodville-gris-30x150-rect\/"},"modified":"2024-05-06T02:45:49","modified_gmt":"2024-05-06T00:45:49","slug":"woodville-gris-30x150-rect","status":"publish","type":"product","link":"https:\/\/tilefly.com\/fr\/produit\/woodville-gris-30x150-rect\/","title":{"rendered":"WOODVILLE GRIS 30X150 RECT."},"content":{"rendered":"<p>Ce Carreaux en Porcelaine de la s\u00e9rie WOODVILLE se distingue par son mat\u00e9riau en Porcelaine \u00e9maill\u00e9e qui est l&#8217;un des plus r\u00e9sistants sur le march\u00e9, il a une texture imitation bois avec une finition mate en format 30X150 RECT.<\/p>","protected":false},"excerpt":{"rendered":"<p>Ce Carreaux en Porcelaine de la s\u00e9rie WOODVILLE se distingue par son mat\u00e9riau en Porcelaine \u00e9maill\u00e9e qui est l&#8217;un des plus r\u00e9sistants sur le march\u00e9, il a une texture imitation bois avec une finition mate en format 30X150 RECT.<\/p>\n","protected":false},"featured_media":527625,"comment_status":"open","ping_status":"closed","template":"","meta":[],"product_brand":[],"product_cat":[353,355,357],"product_tag":[],"class_list":{"0":"post-527622","1":"product","2":"type-product","3":"status-publish","4":"has-post-thumbnail","6":"product_cat-carrelage","7":"product_cat-cuisines","8":"product_cat-carrelage-salon","10":"first","11":"outofstock","12":"shipping-taxable","13":"purchasable","14":"product-type-simple"},"_links":{"self":[{"href":"https:\/\/tilefly.com\/fr\/wp-json\/wp\/v2\/product\/527622","targetHints":{"allow":["GET"]}}],"collection":[{"href":"https:\/\/tilefly.com\/fr\/wp-json\/wp\/v2\/product"}],"about":[{"href":"https:\/\/tilefly.com\/fr\/wp-json\/wp\/v2\/types\/product"}],"replies":[{"embeddable":true,"href":"https:\/\/tilefly.com\/fr\/wp-json\/wp\/v2\/comments?post=527622"}],"wp:featuredmedia":[{"embeddable":true,"href":"https:\/\/tilefly.com\/fr\/wp-json\/wp\/v2\/media\/527625"}],"wp:attachment":[{"href":"https:\/\/tilefly.com\/fr\/wp-json\/wp\/v2\/media?parent=527622"}],"wp:term":[{"taxonomy":"product_brand","embeddable":true,"href":"https:\/\/tilefly.com\/fr\/wp-json\/wp\/v2\/product_brand?post=527622"},{"taxonomy":"product_cat","embeddable":true,"href":"https:\/\/tilefly.com\/fr\/wp-json\/wp\/v2\/product_cat?post=527622"},{"taxonomy":"product_tag","embeddable":true,"href":"https:\/\/tilefly.com\/fr\/wp-json\/wp\/v2\/product_tag?post=527622"}],"curies":[{"name":"wp","href":"https:\/\/api.w.org\/{rel}","templated":true}]}}