{"id":527610,"date":"2024-05-05T23:51:59","date_gmt":"2024-05-05T21:51:59","guid":{"rendered":"https:\/\/tilefly.com\/producto\/bolton-pearl-mt-60x60\/"},"modified":"2024-05-06T00:10:24","modified_gmt":"2024-05-05T22:10:24","slug":"bolton-pearl-mt-60x60","status":"publish","type":"product","link":"https:\/\/tilefly.com\/fr\/produit\/bolton-pearl-mt-60x60\/","title":{"rendered":"BOLTON PEARL MT 60X60"},"content":{"rendered":"<h1><strong>BOLTON PEARL MT 60X60<\/strong><\/h1><p>Ce carreau de la s\u00e9rie BOLTON au format 60&#215;60 est un carreau en gr\u00e8s c\u00e9rame \u00e9maill\u00e9 de couleur perle avec une finition mate.<\/p>","protected":false},"excerpt":{"rendered":"<p>BOLTON PEARL MT 60X60Ce carreau de la s\u00e9rie BOLTON au format 60&#215;60 est un carreau en gr\u00e8s c\u00e9rame \u00e9maill\u00e9 de couleur perle avec une finition mate.<\/p>\n","protected":false},"featured_media":527525,"comment_status":"open","ping_status":"closed","template":"","meta":[],"product_brand":[],"product_cat":[353,355,356,354,357],"product_tag":[],"class_list":{"0":"post-527610","1":"product","2":"type-product","3":"status-publish","4":"has-post-thumbnail","6":"product_cat-carrelage","7":"product_cat-cuisines","8":"product_cat-faiences","9":"product_cat-carrelage-salle-de-bain","10":"product_cat-carrelage-salon","12":"first","13":"instock","14":"shipping-taxable","15":"purchasable","16":"product-type-simple"},"_links":{"self":[{"href":"https:\/\/tilefly.com\/fr\/wp-json\/wp\/v2\/product\/527610","targetHints":{"allow":["GET"]}}],"collection":[{"href":"https:\/\/tilefly.com\/fr\/wp-json\/wp\/v2\/product"}],"about":[{"href":"https:\/\/tilefly.com\/fr\/wp-json\/wp\/v2\/types\/product"}],"replies":[{"embeddable":true,"href":"https:\/\/tilefly.com\/fr\/wp-json\/wp\/v2\/comments?post=527610"}],"wp:featuredmedia":[{"embeddable":true,"href":"https:\/\/tilefly.com\/fr\/wp-json\/wp\/v2\/media\/527525"}],"wp:attachment":[{"href":"https:\/\/tilefly.com\/fr\/wp-json\/wp\/v2\/media?parent=527610"}],"wp:term":[{"taxonomy":"product_brand","embeddable":true,"href":"https:\/\/tilefly.com\/fr\/wp-json\/wp\/v2\/product_brand?post=527610"},{"taxonomy":"product_cat","embeddable":true,"href":"https:\/\/tilefly.com\/fr\/wp-json\/wp\/v2\/product_cat?post=527610"},{"taxonomy":"product_tag","embeddable":true,"href":"https:\/\/tilefly.com\/fr\/wp-json\/wp\/v2\/product_tag?post=527610"}],"curies":[{"name":"wp","href":"https:\/\/api.w.org\/{rel}","templated":true}]}}