{"id":527609,"date":"2024-05-05T23:53:34","date_gmt":"2024-05-05T21:53:34","guid":{"rendered":"https:\/\/tilefly.com\/producto\/bolton-natural-mt-100x100-rect\/"},"modified":"2024-05-06T00:10:22","modified_gmt":"2024-05-05T22:10:22","slug":"bolton-natural-mt-100x100-rect","status":"publish","type":"product","link":"https:\/\/tilefly.com\/fr\/produit\/bolton-natural-mt-100x100-rect\/","title":{"rendered":"BOLTON NATURAL MT 100X100 RECT"},"content":{"rendered":"<h1><strong>BOLTON NATUREL MT 100X100 RECT<\/strong><\/h1><p>Ce carreau de la s\u00e9rie BOLTON au format 100&#215;100 est un carreau en gr\u00e8s c\u00e9rame \u00e9maill\u00e9 de couleur naturelle en finition mate.<\/p>","protected":false},"excerpt":{"rendered":"<p>BOLTON NATUREL MT 100X100 RECTCe carreau de la s\u00e9rie BOLTON au format 100&#215;100 est un carreau en gr\u00e8s c\u00e9rame \u00e9maill\u00e9 de couleur naturelle en finition mate.<\/p>\n","protected":false},"featured_media":527577,"comment_status":"open","ping_status":"closed","template":"","meta":[],"product_brand":[],"product_cat":[353,355,356,354,357],"product_tag":[],"class_list":{"0":"post-527609","1":"product","2":"type-product","3":"status-publish","4":"has-post-thumbnail","6":"product_cat-carrelage","7":"product_cat-cuisines","8":"product_cat-faiences","9":"product_cat-carrelage-salle-de-bain","10":"product_cat-carrelage-salon","12":"first","13":"instock","14":"shipping-taxable","15":"purchasable","16":"product-type-simple"},"_links":{"self":[{"href":"https:\/\/tilefly.com\/fr\/wp-json\/wp\/v2\/product\/527609","targetHints":{"allow":["GET"]}}],"collection":[{"href":"https:\/\/tilefly.com\/fr\/wp-json\/wp\/v2\/product"}],"about":[{"href":"https:\/\/tilefly.com\/fr\/wp-json\/wp\/v2\/types\/product"}],"replies":[{"embeddable":true,"href":"https:\/\/tilefly.com\/fr\/wp-json\/wp\/v2\/comments?post=527609"}],"wp:featuredmedia":[{"embeddable":true,"href":"https:\/\/tilefly.com\/fr\/wp-json\/wp\/v2\/media\/527577"}],"wp:attachment":[{"href":"https:\/\/tilefly.com\/fr\/wp-json\/wp\/v2\/media?parent=527609"}],"wp:term":[{"taxonomy":"product_brand","embeddable":true,"href":"https:\/\/tilefly.com\/fr\/wp-json\/wp\/v2\/product_brand?post=527609"},{"taxonomy":"product_cat","embeddable":true,"href":"https:\/\/tilefly.com\/fr\/wp-json\/wp\/v2\/product_cat?post=527609"},{"taxonomy":"product_tag","embeddable":true,"href":"https:\/\/tilefly.com\/fr\/wp-json\/wp\/v2\/product_tag?post=527609"}],"curies":[{"name":"wp","href":"https:\/\/api.w.org\/{rel}","templated":true}]}}