{"id":527600,"date":"2024-05-05T23:52:42","date_gmt":"2024-05-05T21:52:42","guid":{"rendered":"https:\/\/tilefly.com\/producto\/bolton-grey-mt-100x100-rect\/"},"modified":"2024-05-06T00:10:13","modified_gmt":"2024-05-05T22:10:13","slug":"bolton-grey-mt-100x100-rect","status":"publish","type":"product","link":"https:\/\/tilefly.com\/fr\/produit\/bolton-grey-mt-100x100-rect\/","title":{"rendered":"BOLTON GREY MT 100X100 RECT"},"content":{"rendered":"<h1><strong>BOLTON GRIS MT 100X100 RECT<\/strong><\/h1><p>Ce carreau de la s\u00e9rie BOLTON au format 100X100 est un carreau en gr\u00e8s c\u00e9rame \u00e9maill\u00e9 de couleur grise en finition mate. Id\u00e9al pour l&#8217;int\u00e9rieur et l&#8217;ext\u00e9rieur gr\u00e2ce \u00e0 son niveau antid\u00e9rapant INOUT.<\/p>","protected":false},"excerpt":{"rendered":"<p>BOLTON GRIS MT 100X100 RECTCe carreau de la s\u00e9rie BOLTON au format 100X100 est un carreau en gr\u00e8s c\u00e9rame \u00e9maill\u00e9 de couleur grise en finition mate. Id\u00e9al pour l&#8217;int\u00e9rieur et l&#8217;ext\u00e9rieur gr\u00e2ce \u00e0 son niveau antid\u00e9rapant INOUT.<\/p>\n","protected":false},"featured_media":527551,"comment_status":"open","ping_status":"closed","template":"","meta":[],"product_brand":[],"product_cat":[353,355,356,354,357],"product_tag":[],"class_list":{"0":"post-527600","1":"product","2":"type-product","3":"status-publish","4":"has-post-thumbnail","6":"product_cat-carrelage","7":"product_cat-cuisines","8":"product_cat-faiences","9":"product_cat-carrelage-salle-de-bain","10":"product_cat-carrelage-salon","12":"first","13":"outofstock","14":"shipping-taxable","15":"purchasable","16":"product-type-simple"},"_links":{"self":[{"href":"https:\/\/tilefly.com\/fr\/wp-json\/wp\/v2\/product\/527600","targetHints":{"allow":["GET"]}}],"collection":[{"href":"https:\/\/tilefly.com\/fr\/wp-json\/wp\/v2\/product"}],"about":[{"href":"https:\/\/tilefly.com\/fr\/wp-json\/wp\/v2\/types\/product"}],"replies":[{"embeddable":true,"href":"https:\/\/tilefly.com\/fr\/wp-json\/wp\/v2\/comments?post=527600"}],"wp:featuredmedia":[{"embeddable":true,"href":"https:\/\/tilefly.com\/fr\/wp-json\/wp\/v2\/media\/527551"}],"wp:attachment":[{"href":"https:\/\/tilefly.com\/fr\/wp-json\/wp\/v2\/media?parent=527600"}],"wp:term":[{"taxonomy":"product_brand","embeddable":true,"href":"https:\/\/tilefly.com\/fr\/wp-json\/wp\/v2\/product_brand?post=527600"},{"taxonomy":"product_cat","embeddable":true,"href":"https:\/\/tilefly.com\/fr\/wp-json\/wp\/v2\/product_cat?post=527600"},{"taxonomy":"product_tag","embeddable":true,"href":"https:\/\/tilefly.com\/fr\/wp-json\/wp\/v2\/product_tag?post=527600"}],"curies":[{"name":"wp","href":"https:\/\/api.w.org\/{rel}","templated":true}]}}