{"id":527597,"date":"2024-05-05T23:49:53","date_gmt":"2024-05-05T22:10:12","guid":{"rendered":"https:\/\/tilefly.com\/producto\/blocs-slate-natural-60x120-rect-inout\/"},"modified":"2024-05-06T00:10:12","modified_gmt":"2024-05-05T22:10:12","slug":"blocs-slate-natural-60x120-rect-inout","status":"publish","type":"product","link":"https:\/\/tilefly.com\/fr\/produit\/blocs-slate-natural-60x120-rect-inout\/","title":{"rendered":"BLOCS SLATE NATURAL 60X120 RECT INOUT"},"content":{"rendered":"<h1><strong>COUSSINS ARDOISE NATURELLE 60X120 RECT INOUT<\/strong><\/h1><p>Ce carreau de la s\u00e9rie BLOCS au format 60X120 est un carreau en gr\u00e8s c\u00e9rame \u00e9maill\u00e9 de couleur naturelle en finition rectifi\u00e9e avec un niveau antid\u00e9rapant pour un usage int\u00e9rieur et ext\u00e9rieur.<\/p>","protected":false},"excerpt":{"rendered":"<p>COUSSINS ARDOISE NATURELLE 60X120 RECT INOUTCe carreau de la s\u00e9rie BLOCS au format 60X120 est un carreau en gr\u00e8s c\u00e9rame \u00e9maill\u00e9 de couleur naturelle en finition rectifi\u00e9e avec un niveau antid\u00e9rapant pour un usage int\u00e9rieur et ext\u00e9rieur.<\/p>\n","protected":false},"featured_media":527408,"comment_status":"open","ping_status":"closed","template":"","meta":[],"product_brand":[],"product_cat":[353,355,356,354,357],"product_tag":[],"class_list":{"0":"post-527597","1":"product","2":"type-product","3":"status-publish","4":"has-post-thumbnail","6":"product_cat-carrelage","7":"product_cat-cuisines","8":"product_cat-faiences","9":"product_cat-carrelage-salle-de-bain","10":"product_cat-carrelage-salon","12":"first","13":"outofstock","14":"shipping-taxable","15":"purchasable","16":"product-type-simple"},"_links":{"self":[{"href":"https:\/\/tilefly.com\/fr\/wp-json\/wp\/v2\/product\/527597","targetHints":{"allow":["GET"]}}],"collection":[{"href":"https:\/\/tilefly.com\/fr\/wp-json\/wp\/v2\/product"}],"about":[{"href":"https:\/\/tilefly.com\/fr\/wp-json\/wp\/v2\/types\/product"}],"replies":[{"embeddable":true,"href":"https:\/\/tilefly.com\/fr\/wp-json\/wp\/v2\/comments?post=527597"}],"wp:featuredmedia":[{"embeddable":true,"href":"https:\/\/tilefly.com\/fr\/wp-json\/wp\/v2\/media\/527408"}],"wp:attachment":[{"href":"https:\/\/tilefly.com\/fr\/wp-json\/wp\/v2\/media?parent=527597"}],"wp:term":[{"taxonomy":"product_brand","embeddable":true,"href":"https:\/\/tilefly.com\/fr\/wp-json\/wp\/v2\/product_brand?post=527597"},{"taxonomy":"product_cat","embeddable":true,"href":"https:\/\/tilefly.com\/fr\/wp-json\/wp\/v2\/product_cat?post=527597"},{"taxonomy":"product_tag","embeddable":true,"href":"https:\/\/tilefly.com\/fr\/wp-json\/wp\/v2\/product_tag?post=527597"}],"curies":[{"name":"wp","href":"https:\/\/api.w.org\/{rel}","templated":true}]}}