{"id":527328,"date":"2021-06-25T13:23:22","date_gmt":"2024-04-26T18:03:36","guid":{"rendered":"https:\/\/tilefly.com\/producto\/statuario-silver-30x90\/"},"modified":"2024-04-26T20:03:36","modified_gmt":"2024-04-26T18:03:36","slug":"statuario-silver-30x90","status":"publish","type":"product","link":"https:\/\/tilefly.com\/fr\/produit\/statuario-silver-30x90\/","title":{"rendered":"STATUARIO SILVER 30X90"},"content":{"rendered":"<p>Nouvelle s\u00e9rie de <a href=\"https:\/\/tilefly.com\/fr\/faience\/\">Fa\u00efence<\/a> rectifi\u00e9e en p\u00e2te blanche 30&#215;90<\/p><p>Le marbre, un classique irrempla\u00e7able dans l&#8217;histoire du design et de la d\u00e9coration d&#8217;int\u00e9rieur. Maximus est n\u00e9 de ce grand engagement dans le d\u00e9veloppement des gr\u00e8s c\u00e9rames marbr\u00e9s. D\u00e9velopp\u00e9 avec les derni\u00e8res technologies pour faire de Maximus ce qu&#8217;il est aujourd&#8217;hui : la durabilit\u00e9, la praticit\u00e9 et la r\u00e9sistance d&#8217;un gr\u00e8s c\u00e9rame, avec une solution stylistique classique, \u00e9l\u00e9gante et intemporelle de la recr\u00e9ation du marbre. Avec chacun de ses 10 designs diff\u00e9rents, vous pouvez cr\u00e9er des espaces d&#8217;une grande puissance esth\u00e9tique et d&#8217;un grand caract\u00e8re. Des tissages et veines les plus doux aux lignes et traits les plus marqu\u00e9s avec un grand r\u00e9alisme.<\/p>","protected":false},"excerpt":{"rendered":"<p>Nouvelle s\u00e9rie de Fa\u00efence rectifi\u00e9e en p\u00e2te blanche 30&#215;90Le marbre, un classique irrempla\u00e7able dans l&#8217;histoire du design et de la d\u00e9coration d&#8217;int\u00e9rieur. Maximus est n\u00e9 de ce grand engagement dans le d\u00e9veloppement des gr\u00e8s c\u00e9rames marbr\u00e9s. D\u00e9velopp\u00e9 avec les derni\u00e8res technologies pour faire de Maximus ce qu&#8217;il est aujourd&#8217;hui : la durabilit\u00e9, la praticit\u00e9 et [&hellip;]<\/p>\n","protected":false},"featured_media":461952,"comment_status":"closed","ping_status":"closed","template":"","meta":[],"product_brand":[],"product_cat":[355,356,354,357],"product_tag":[],"class_list":{"0":"post-527328","1":"product","2":"type-product","3":"status-publish","4":"has-post-thumbnail","6":"product_cat-cuisines","7":"product_cat-faiences","8":"product_cat-carrelage-salle-de-bain","9":"product_cat-carrelage-salon","11":"first","12":"instock","13":"shipping-taxable","14":"purchasable","15":"product-type-simple"},"_links":{"self":[{"href":"https:\/\/tilefly.com\/fr\/wp-json\/wp\/v2\/product\/527328","targetHints":{"allow":["GET"]}}],"collection":[{"href":"https:\/\/tilefly.com\/fr\/wp-json\/wp\/v2\/product"}],"about":[{"href":"https:\/\/tilefly.com\/fr\/wp-json\/wp\/v2\/types\/product"}],"replies":[{"embeddable":true,"href":"https:\/\/tilefly.com\/fr\/wp-json\/wp\/v2\/comments?post=527328"}],"wp:featuredmedia":[{"embeddable":true,"href":"https:\/\/tilefly.com\/fr\/wp-json\/wp\/v2\/media\/461952"}],"wp:attachment":[{"href":"https:\/\/tilefly.com\/fr\/wp-json\/wp\/v2\/media?parent=527328"}],"wp:term":[{"taxonomy":"product_brand","embeddable":true,"href":"https:\/\/tilefly.com\/fr\/wp-json\/wp\/v2\/product_brand?post=527328"},{"taxonomy":"product_cat","embeddable":true,"href":"https:\/\/tilefly.com\/fr\/wp-json\/wp\/v2\/product_cat?post=527328"},{"taxonomy":"product_tag","embeddable":true,"href":"https:\/\/tilefly.com\/fr\/wp-json\/wp\/v2\/product_tag?post=527328"}],"curies":[{"name":"wp","href":"https:\/\/api.w.org\/{rel}","templated":true}]}}