{"id":527324,"date":"2021-06-25T14:36:28","date_gmt":"2024-04-26T18:03:34","guid":{"rendered":"https:\/\/tilefly.com\/producto\/caramel-silver-30x90\/"},"modified":"2024-04-26T20:03:34","modified_gmt":"2024-04-26T18:03:34","slug":"caramel-silver-30x90","status":"publish","type":"product","link":"https:\/\/tilefly.com\/fr\/produit\/caramel-silver-30x90\/","title":{"rendered":"CARAMEL SILVER 30X90"},"content":{"rendered":"<p><a href=\"https:\/\/tilefly.com\/fr\/\">Carreaux<\/a> id\u00e9aux pour toutes les pi\u00e8ces.<\/p><p>Luxe, c&#8217;est la r\u00e9sistance et la richesse chromatique, une collection qui englobe des marbres extravagants aux finitions naturelles et polies, qui donnent \u00e0 votre <a href=\"https:\/\/tilefly.com\/fr\/faience\/\">Fa\u00efence<\/a> une forte personnalit\u00e9.<\/p>","protected":false},"excerpt":{"rendered":"<p>Carreaux id\u00e9aux pour toutes les pi\u00e8ces.Luxe, c&#8217;est la r\u00e9sistance et la richesse chromatique, une collection qui englobe des marbres extravagants aux finitions naturelles et polies, qui donnent \u00e0 votre Fa\u00efence une forte personnalit\u00e9.<\/p>\n","protected":false},"featured_media":462105,"comment_status":"closed","ping_status":"closed","template":"","meta":[],"product_brand":[],"product_cat":[355,356,354,357],"product_tag":[],"class_list":{"0":"post-527324","1":"product","2":"type-product","3":"status-publish","4":"has-post-thumbnail","6":"product_cat-cuisines","7":"product_cat-faiences","8":"product_cat-carrelage-salle-de-bain","9":"product_cat-carrelage-salon","11":"first","12":"instock","13":"shipping-taxable","14":"purchasable","15":"product-type-simple"},"_links":{"self":[{"href":"https:\/\/tilefly.com\/fr\/wp-json\/wp\/v2\/product\/527324","targetHints":{"allow":["GET"]}}],"collection":[{"href":"https:\/\/tilefly.com\/fr\/wp-json\/wp\/v2\/product"}],"about":[{"href":"https:\/\/tilefly.com\/fr\/wp-json\/wp\/v2\/types\/product"}],"replies":[{"embeddable":true,"href":"https:\/\/tilefly.com\/fr\/wp-json\/wp\/v2\/comments?post=527324"}],"wp:featuredmedia":[{"embeddable":true,"href":"https:\/\/tilefly.com\/fr\/wp-json\/wp\/v2\/media\/462105"}],"wp:attachment":[{"href":"https:\/\/tilefly.com\/fr\/wp-json\/wp\/v2\/media?parent=527324"}],"wp:term":[{"taxonomy":"product_brand","embeddable":true,"href":"https:\/\/tilefly.com\/fr\/wp-json\/wp\/v2\/product_brand?post=527324"},{"taxonomy":"product_cat","embeddable":true,"href":"https:\/\/tilefly.com\/fr\/wp-json\/wp\/v2\/product_cat?post=527324"},{"taxonomy":"product_tag","embeddable":true,"href":"https:\/\/tilefly.com\/fr\/wp-json\/wp\/v2\/product_tag?post=527324"}],"curies":[{"name":"wp","href":"https:\/\/api.w.org\/{rel}","templated":true}]}}