{"id":527292,"date":"2020-09-08T14:51:12","date_gmt":"2024-04-26T18:02:19","guid":{"rendered":"https:\/\/tilefly.com\/producto\/dover-taupe-natural-120x120\/"},"modified":"2024-04-26T20:02:19","modified_gmt":"2024-04-26T18:02:19","slug":"dover-taupe-natural-120x120","status":"publish","type":"product","link":"https:\/\/tilefly.com\/fr\/produit\/dover-taupe-natural-120x120\/","title":{"rendered":"DOVER TAUPE NATURAL 120X120"},"content":{"rendered":"<p>Gr\u00e8s c\u00e9rame \u00e9maill\u00e9 naturel<\/p><p>La s\u00e9rie Dover imite la surface du b\u00e9ton avec de magnifiques nuances et s&#8217;approche de la reproduction parfaite de ce mat\u00e9riau.<\/p><p>Cette collection est parfaite pour donner une continuit\u00e9 aux espaces. Une collection d\u00e9finie par sa puret\u00e9 et son intemporalit\u00e9. Avec elle, les couleurs se m\u00e9langent et se coordonnent parfaitement pour cr\u00e9er des espaces chaleureux qui r\u00e9pondent parfaitement aux besoins des nouveaux modes de vie. Gr\u00e2ce \u00e0 leurs caract\u00e9ristiques de conception et de mat\u00e9riau, ce sont des carreaux tr\u00e8s polyvalents qui peuvent \u00eatre utilis\u00e9s dans les int\u00e9rieurs, mais aussi dans les ext\u00e9rieurs. Plus pr\u00e9cis\u00e9ment, cette s\u00e9rie propose au format 60&#215;60 un produit d&#8217;une \u00e9paisseur de 20 mm sp\u00e9cialement con\u00e7u pour tous les types de rev\u00eatements de sol ext\u00e9rieurs. Cette collection comporte \u00e9galement des carreaux de grand format (120X120 et 90X180).<\/p>","protected":false},"excerpt":{"rendered":"<p>Gr\u00e8s c\u00e9rame \u00e9maill\u00e9 naturelLa s\u00e9rie Dover imite la surface du b\u00e9ton avec de magnifiques nuances et s&#8217;approche de la reproduction parfaite de ce mat\u00e9riau.Cette collection est parfaite pour donner une continuit\u00e9 aux espaces. Une collection d\u00e9finie par sa puret\u00e9 et son intemporalit\u00e9. Avec elle, les couleurs se m\u00e9langent et se coordonnent parfaitement pour cr\u00e9er des [&hellip;]<\/p>\n","protected":false},"featured_media":82195,"comment_status":"open","ping_status":"closed","template":"","meta":[],"product_brand":[],"product_cat":[353,355,356,354],"product_tag":[],"class_list":{"0":"post-527292","1":"product","2":"type-product","3":"status-publish","4":"has-post-thumbnail","6":"product_cat-carrelage","7":"product_cat-cuisines","8":"product_cat-faiences","9":"product_cat-carrelage-salle-de-bain","11":"first","12":"instock","13":"shipping-taxable","14":"purchasable","15":"product-type-simple"},"_links":{"self":[{"href":"https:\/\/tilefly.com\/fr\/wp-json\/wp\/v2\/product\/527292","targetHints":{"allow":["GET"]}}],"collection":[{"href":"https:\/\/tilefly.com\/fr\/wp-json\/wp\/v2\/product"}],"about":[{"href":"https:\/\/tilefly.com\/fr\/wp-json\/wp\/v2\/types\/product"}],"replies":[{"embeddable":true,"href":"https:\/\/tilefly.com\/fr\/wp-json\/wp\/v2\/comments?post=527292"}],"wp:featuredmedia":[{"embeddable":true,"href":"https:\/\/tilefly.com\/fr\/wp-json\/wp\/v2\/media\/82195"}],"wp:attachment":[{"href":"https:\/\/tilefly.com\/fr\/wp-json\/wp\/v2\/media?parent=527292"}],"wp:term":[{"taxonomy":"product_brand","embeddable":true,"href":"https:\/\/tilefly.com\/fr\/wp-json\/wp\/v2\/product_brand?post=527292"},{"taxonomy":"product_cat","embeddable":true,"href":"https:\/\/tilefly.com\/fr\/wp-json\/wp\/v2\/product_cat?post=527292"},{"taxonomy":"product_tag","embeddable":true,"href":"https:\/\/tilefly.com\/fr\/wp-json\/wp\/v2\/product_tag?post=527292"}],"curies":[{"name":"wp","href":"https:\/\/api.w.org\/{rel}","templated":true}]}}