{"id":527195,"date":"2022-03-17T16:15:30","date_gmt":"2022-03-17T15:15:30","guid":{"rendered":"https:\/\/tilefly.com\/producto\/anti-slip-pierre-de-bali-mix-30x60\/"},"modified":"2024-04-26T19:49:59","modified_gmt":"2024-04-26T17:49:59","slug":"anti-slip-pierre-de-bali-mix-30x60","status":"publish","type":"product","link":"https:\/\/tilefly.com\/fr\/produit\/anti-slip-pierre-de-bali-mix-30x60\/","title":{"rendered":"ANTI-SLIP PIERRE DE BALI MIX 30X60"},"content":{"rendered":"<p>Pierre de Bali reproduit une pierre originale de l&#8217;\u00eele d&#8217;Asie du Sud-Est qui apporte la s\u00e9r\u00e9nit\u00e9 et nous aide \u00e0 nous int\u00e9grer \u00e0 la nature, en donnant \u00e0 n&#8217;importe quel espace de notre maison sa propre identit\u00e9.<br \/>El\u00e9gante et exotique, cette collection comporte une s\u00e9rie sp\u00e9cifique pour l&#8217;ext\u00e9rieur et la piscine.<\/p>","protected":false},"excerpt":{"rendered":"<p>Pierre de Bali reproduit une pierre originale de l&#8217;\u00eele d&#8217;Asie du Sud-Est qui apporte la s\u00e9r\u00e9nit\u00e9 et nous aide \u00e0 nous int\u00e9grer \u00e0 la nature, en donnant \u00e0 n&#8217;importe quel espace de notre maison sa propre identit\u00e9.El\u00e9gante et exotique, cette collection comporte une s\u00e9rie sp\u00e9cifique pour l&#8217;ext\u00e9rieur et la piscine.<\/p>\n","protected":false},"featured_media":514385,"comment_status":"closed","ping_status":"closed","template":"","meta":[],"product_brand":[],"product_cat":[353,355,356,354],"product_tag":[],"class_list":{"0":"post-527195","1":"product","2":"type-product","3":"status-publish","4":"has-post-thumbnail","6":"product_cat-carrelage","7":"product_cat-cuisines","8":"product_cat-faiences","9":"product_cat-carrelage-salle-de-bain","11":"first","12":"instock","13":"shipping-taxable","14":"purchasable","15":"product-type-simple"},"_links":{"self":[{"href":"https:\/\/tilefly.com\/fr\/wp-json\/wp\/v2\/product\/527195","targetHints":{"allow":["GET"]}}],"collection":[{"href":"https:\/\/tilefly.com\/fr\/wp-json\/wp\/v2\/product"}],"about":[{"href":"https:\/\/tilefly.com\/fr\/wp-json\/wp\/v2\/types\/product"}],"replies":[{"embeddable":true,"href":"https:\/\/tilefly.com\/fr\/wp-json\/wp\/v2\/comments?post=527195"}],"wp:featuredmedia":[{"embeddable":true,"href":"https:\/\/tilefly.com\/fr\/wp-json\/wp\/v2\/media\/514385"}],"wp:attachment":[{"href":"https:\/\/tilefly.com\/fr\/wp-json\/wp\/v2\/media?parent=527195"}],"wp:term":[{"taxonomy":"product_brand","embeddable":true,"href":"https:\/\/tilefly.com\/fr\/wp-json\/wp\/v2\/product_brand?post=527195"},{"taxonomy":"product_cat","embeddable":true,"href":"https:\/\/tilefly.com\/fr\/wp-json\/wp\/v2\/product_cat?post=527195"},{"taxonomy":"product_tag","embeddable":true,"href":"https:\/\/tilefly.com\/fr\/wp-json\/wp\/v2\/product_tag?post=527195"}],"curies":[{"name":"wp","href":"https:\/\/api.w.org\/{rel}","templated":true}]}}