{"id":527147,"date":"2019-09-13T12:36:03","date_gmt":"2019-09-13T10:36:03","guid":{"rendered":"https:\/\/tilefly.com\/producto\/anti-slip-work-b-bianco-rect-60x120\/"},"modified":"2024-04-26T19:46:24","modified_gmt":"2024-04-26T17:46:24","slug":"anti-slip-work-b-bianco-rect-60x120","status":"publish","type":"product","link":"https:\/\/tilefly.com\/fr\/produit\/anti-slip-work-b-bianco-rect-60x120\/","title":{"rendered":"ANTI-SLIP WORK B BIANCO RECT, 60X120"},"content":{"rendered":"<h1><strong>Gr\u00e8s c\u00e9rame ANTI-SLIP WORK B BIANCO RECT, 60X120<\/strong><\/h1><p>Ce carreau en gr\u00e8s c\u00e9rame au format 60X120 cm, de finition mate et de couleur blanche est parfait pour votre int\u00e9rieur. Son mat\u00e9riau de fabrication est le gr\u00e8s c\u00e9rame.<\/p><p>Particularit\u00e9s : Imitation ciment, P\u00e2te color\u00e9e<\/p>","protected":false},"excerpt":{"rendered":"<p>Gr\u00e8s c\u00e9rame ANTI-SLIP WORK B BIANCO RECT, 60X120Ce carreau en gr\u00e8s c\u00e9rame au format 60X120 cm, de finition mate et de couleur blanche est parfait pour votre int\u00e9rieur. Son mat\u00e9riau de fabrication est le gr\u00e8s c\u00e9rame.Particularit\u00e9s : Imitation ciment, P\u00e2te color\u00e9e<\/p>\n","protected":false},"featured_media":62985,"comment_status":"closed","ping_status":"closed","template":"","meta":[],"product_brand":[],"product_cat":[353,355,356,354,357],"product_tag":[],"class_list":{"0":"post-527147","1":"product","2":"type-product","3":"status-publish","4":"has-post-thumbnail","6":"product_cat-carrelage","7":"product_cat-cuisines","8":"product_cat-faiences","9":"product_cat-carrelage-salle-de-bain","10":"product_cat-carrelage-salon","12":"first","13":"instock","14":"shipping-taxable","15":"purchasable","16":"product-type-simple"},"_links":{"self":[{"href":"https:\/\/tilefly.com\/fr\/wp-json\/wp\/v2\/product\/527147","targetHints":{"allow":["GET"]}}],"collection":[{"href":"https:\/\/tilefly.com\/fr\/wp-json\/wp\/v2\/product"}],"about":[{"href":"https:\/\/tilefly.com\/fr\/wp-json\/wp\/v2\/types\/product"}],"replies":[{"embeddable":true,"href":"https:\/\/tilefly.com\/fr\/wp-json\/wp\/v2\/comments?post=527147"}],"wp:featuredmedia":[{"embeddable":true,"href":"https:\/\/tilefly.com\/fr\/wp-json\/wp\/v2\/media\/62985"}],"wp:attachment":[{"href":"https:\/\/tilefly.com\/fr\/wp-json\/wp\/v2\/media?parent=527147"}],"wp:term":[{"taxonomy":"product_brand","embeddable":true,"href":"https:\/\/tilefly.com\/fr\/wp-json\/wp\/v2\/product_brand?post=527147"},{"taxonomy":"product_cat","embeddable":true,"href":"https:\/\/tilefly.com\/fr\/wp-json\/wp\/v2\/product_cat?post=527147"},{"taxonomy":"product_tag","embeddable":true,"href":"https:\/\/tilefly.com\/fr\/wp-json\/wp\/v2\/product_tag?post=527147"}],"curies":[{"name":"wp","href":"https:\/\/api.w.org\/{rel}","templated":true}]}}