{"id":527120,"date":"2020-09-08T14:51:12","date_gmt":"2024-04-26T17:44:43","guid":{"rendered":"https:\/\/tilefly.com\/producto\/loft-white-natural-60x120\/"},"modified":"2024-04-26T19:44:43","modified_gmt":"2024-04-26T17:44:43","slug":"loft-white-natural-60x120","status":"publish","type":"product","link":"https:\/\/tilefly.com\/fr\/produit\/loft-white-natural-60x120\/","title":{"rendered":"LOFT WHITE NATURAL 60X120"},"content":{"rendered":"<p>Gr\u00e8s c\u00e9rame \u00e9maill\u00e9 avec diff\u00e9rentes finitions<\/p><p>Une s\u00e9rie qui recr\u00e9e le ciment naturel \u00e0 la recherche d&#8217;espaces d&#8217;inspiration industrielle et cosmopolite.<\/p><p>La s\u00e9rie Loft est un gr\u00e8s c\u00e9rame inspir\u00e9 du ciment qui donne \u00e0 l&#8217;espace o\u00f9 il est appliqu\u00e9 une finition industrielle et urbaine dans le plus pur style new-yorkais. Cette s\u00e9rie comprend cinq teintes, avec trois formats et trois finitions &#8211; naturelle, polie et lappato &#8211; pour chacune d&#8217;entre elles. En outre, la s\u00e9rie est compl\u00e9t\u00e9e par trois solutions d\u00e9coratives de caract\u00e8re et d&#8217;identit\u00e9. Pour toutes ces raisons, le Loft est la collection elle-m\u00eame. Leurs nombreuses combinaisons et applications feront de l&#8217;espace dans lequel ils sont plac\u00e9s un lieu de design et de grande personnalit\u00e9.<\/p>","protected":false},"excerpt":{"rendered":"<p>Gr\u00e8s c\u00e9rame \u00e9maill\u00e9 avec diff\u00e9rentes finitionsUne s\u00e9rie qui recr\u00e9e le ciment naturel \u00e0 la recherche d&#8217;espaces d&#8217;inspiration industrielle et cosmopolite.La s\u00e9rie Loft est un gr\u00e8s c\u00e9rame inspir\u00e9 du ciment qui donne \u00e0 l&#8217;espace o\u00f9 il est appliqu\u00e9 une finition industrielle et urbaine dans le plus pur style new-yorkais. Cette s\u00e9rie comprend cinq teintes, avec trois [&hellip;]<\/p>\n","protected":false},"featured_media":82212,"comment_status":"open","ping_status":"closed","template":"","meta":[],"product_brand":[],"product_cat":[353,355,356,354],"product_tag":[],"class_list":{"0":"post-527120","1":"product","2":"type-product","3":"status-publish","4":"has-post-thumbnail","6":"product_cat-carrelage","7":"product_cat-cuisines","8":"product_cat-faiences","9":"product_cat-carrelage-salle-de-bain","11":"first","12":"outofstock","13":"shipping-taxable","14":"purchasable","15":"product-type-simple"},"_links":{"self":[{"href":"https:\/\/tilefly.com\/fr\/wp-json\/wp\/v2\/product\/527120","targetHints":{"allow":["GET"]}}],"collection":[{"href":"https:\/\/tilefly.com\/fr\/wp-json\/wp\/v2\/product"}],"about":[{"href":"https:\/\/tilefly.com\/fr\/wp-json\/wp\/v2\/types\/product"}],"replies":[{"embeddable":true,"href":"https:\/\/tilefly.com\/fr\/wp-json\/wp\/v2\/comments?post=527120"}],"wp:featuredmedia":[{"embeddable":true,"href":"https:\/\/tilefly.com\/fr\/wp-json\/wp\/v2\/media\/82212"}],"wp:attachment":[{"href":"https:\/\/tilefly.com\/fr\/wp-json\/wp\/v2\/media?parent=527120"}],"wp:term":[{"taxonomy":"product_brand","embeddable":true,"href":"https:\/\/tilefly.com\/fr\/wp-json\/wp\/v2\/product_brand?post=527120"},{"taxonomy":"product_cat","embeddable":true,"href":"https:\/\/tilefly.com\/fr\/wp-json\/wp\/v2\/product_cat?post=527120"},{"taxonomy":"product_tag","embeddable":true,"href":"https:\/\/tilefly.com\/fr\/wp-json\/wp\/v2\/product_tag?post=527120"}],"curies":[{"name":"wp","href":"https:\/\/api.w.org\/{rel}","templated":true}]}}