{"id":527119,"date":"2020-09-08T15:10:44","date_gmt":"2024-04-26T17:44:43","guid":{"rendered":"https:\/\/tilefly.com\/producto\/majestic-bianco-pulido-60x120\/"},"modified":"2024-04-26T19:44:43","modified_gmt":"2024-04-26T17:44:43","slug":"majestic-bianco-pulido-60x120","status":"publish","type":"product","link":"https:\/\/tilefly.com\/fr\/produit\/majestic-bianco-pulido-60x120\/","title":{"rendered":"MAJESTIC BIANCO PULIDO 60X120"},"content":{"rendered":"<p>Gr\u00e8s c\u00e9rame \u00e9maill\u00e9 unicolore<\/p><p>Une luminosit\u00e9 extr\u00eame et une obscurit\u00e9 maximale. Il s&#8217;agit de la s\u00e9rie Majestic et de ses deux couleurs en contraste total.<\/p><p>L&#8217;achromatisme et la simplicit\u00e9 de cette s\u00e9rie en font sa caract\u00e9ristique principale, renfor\u00e7ant et donnant le protagonisme au blanc le plus lumineux et au noir le plus sombre. Avec Majestic, le concept d&#8217;\u00e9l\u00e9gance dans la d\u00e9coration d&#8217;int\u00e9rieur minimaliste est ainsi renouvel\u00e9. Combin\u00e9es les unes aux autres, elles permettent d&#8217;obtenir des finitions visuellement \u00e9tonnantes et des designs inimaginables. L&#8217;intensit\u00e9 des deux couleurs dans le m\u00eame espace donne une forte personnalit\u00e9 \u00e0 n&#8217;importe quelle pi\u00e8ce et peut \u00eatre utilis\u00e9e dans les cuisines modernes, les sols contemporains ou les salles de Bain minimalistes. Cette collection comporte \u00e9galement des carreaux de grand format (120X120 et 90X180).<\/p>","protected":false},"excerpt":{"rendered":"<p>Gr\u00e8s c\u00e9rame \u00e9maill\u00e9 unicoloreUne luminosit\u00e9 extr\u00eame et une obscurit\u00e9 maximale. Il s&#8217;agit de la s\u00e9rie Majestic et de ses deux couleurs en contraste total.L&#8217;achromatisme et la simplicit\u00e9 de cette s\u00e9rie en font sa caract\u00e9ristique principale, renfor\u00e7ant et donnant le protagonisme au blanc le plus lumineux et au noir le plus sombre. Avec Majestic, le concept [&hellip;]<\/p>\n","protected":false},"featured_media":82393,"comment_status":"open","ping_status":"closed","template":"","meta":[],"product_brand":[],"product_cat":[353,355,356,354],"product_tag":[],"class_list":{"0":"post-527119","1":"product","2":"type-product","3":"status-publish","4":"has-post-thumbnail","6":"product_cat-carrelage","7":"product_cat-cuisines","8":"product_cat-faiences","9":"product_cat-carrelage-salle-de-bain","11":"first","12":"outofstock","13":"shipping-taxable","14":"purchasable","15":"product-type-simple"},"_links":{"self":[{"href":"https:\/\/tilefly.com\/fr\/wp-json\/wp\/v2\/product\/527119","targetHints":{"allow":["GET"]}}],"collection":[{"href":"https:\/\/tilefly.com\/fr\/wp-json\/wp\/v2\/product"}],"about":[{"href":"https:\/\/tilefly.com\/fr\/wp-json\/wp\/v2\/types\/product"}],"replies":[{"embeddable":true,"href":"https:\/\/tilefly.com\/fr\/wp-json\/wp\/v2\/comments?post=527119"}],"wp:featuredmedia":[{"embeddable":true,"href":"https:\/\/tilefly.com\/fr\/wp-json\/wp\/v2\/media\/82393"}],"wp:attachment":[{"href":"https:\/\/tilefly.com\/fr\/wp-json\/wp\/v2\/media?parent=527119"}],"wp:term":[{"taxonomy":"product_brand","embeddable":true,"href":"https:\/\/tilefly.com\/fr\/wp-json\/wp\/v2\/product_brand?post=527119"},{"taxonomy":"product_cat","embeddable":true,"href":"https:\/\/tilefly.com\/fr\/wp-json\/wp\/v2\/product_cat?post=527119"},{"taxonomy":"product_tag","embeddable":true,"href":"https:\/\/tilefly.com\/fr\/wp-json\/wp\/v2\/product_tag?post=527119"}],"curies":[{"name":"wp","href":"https:\/\/api.w.org\/{rel}","templated":true}]}}