{"id":527116,"date":"2020-09-08T15:19:22","date_gmt":"2020-09-08T13:19:22","guid":{"rendered":"https:\/\/tilefly.com\/producto\/pulpis-light-grey-pulido-60x120\/"},"modified":"2024-04-26T19:44:42","modified_gmt":"2024-04-26T17:44:42","slug":"pulpis-light-grey-pulido-60x120","status":"publish","type":"product","link":"https:\/\/tilefly.com\/fr\/produit\/pulpis-light-grey-pulido-60x120\/","title":{"rendered":"PULPIS LIGHT GREY PULIDO 60X120"},"content":{"rendered":"<p>Gr\u00e8s c\u00e9rame poli<\/p><p>L&#8217;\u00e9l\u00e9gance d&#8217;un classique intemporel, Maximus. Immergez-vous dans son large \u00e9ventail de loisirs en marbre.<\/p><p>Le marbre, un classique irrempla\u00e7able dans l&#8217;histoire du design et de la d\u00e9coration d&#8217;int\u00e9rieur. Depuis les d\u00e9buts d&#8217;American Tile Spain, nous nous sommes engag\u00e9s dans le d\u00e9veloppement de la reproduction de ce mat\u00e9riau noble jusqu&#8217;\u00e0 ce qu&#8217;il devienne notre marque et notre r\u00e9f\u00e9rence sur le march\u00e9 espagnol et sur d&#8217;autres march\u00e9s internationaux. Ce grand engagement dans le d\u00e9veloppement des gr\u00e8s c\u00e9rames marbr\u00e9s a donn\u00e9 naissance \u00e0 Maximus. La s\u00e9rie la plus compl\u00e8te d&#8217;American Tile Spain avec dix designs diff\u00e9rents d\u00e9velopp\u00e9s avec les derni\u00e8res technologies pour faire de Maximus ce qu&#8217;il est aujourd&#8217;hui : la durabilit\u00e9, la praticit\u00e9 et la r\u00e9sistance d&#8217;un gr\u00e8s c\u00e9rame ; avec une solution stylistique classique, \u00e9l\u00e9gante et intemporelle pour la recr\u00e9ation du marbre. Avec chacun de ses 10 designs diff\u00e9rents, vous pouvez cr\u00e9er des espaces d&#8217;une grande puissance esth\u00e9tique et d&#8217;un grand caract\u00e8re. Des tissages et veines les plus doux aux lignes et traits les plus marqu\u00e9s avec un grand r\u00e9alisme. Cette collection est compl\u00e9t\u00e9e par diff\u00e9rentes options de carreaux grand format (120X120 et 90X180).<\/p>","protected":false},"excerpt":{"rendered":"<p>Gr\u00e8s c\u00e9rame poliL&#8217;\u00e9l\u00e9gance d&#8217;un classique intemporel, Maximus. Immergez-vous dans son large \u00e9ventail de loisirs en marbre.Le marbre, un classique irrempla\u00e7able dans l&#8217;histoire du design et de la d\u00e9coration d&#8217;int\u00e9rieur. Depuis les d\u00e9buts d&#8217;American Tile Spain, nous nous sommes engag\u00e9s dans le d\u00e9veloppement de la reproduction de ce mat\u00e9riau noble jusqu&#8217;\u00e0 ce qu&#8217;il devienne notre marque [&hellip;]<\/p>\n","protected":false},"featured_media":82431,"comment_status":"open","ping_status":"closed","template":"","meta":[],"product_brand":[],"product_cat":[358],"product_tag":[],"class_list":{"0":"post-527116","1":"product","2":"type-product","3":"status-publish","4":"has-post-thumbnail","6":"product_cat-non-categorise","8":"first","9":"outofstock","10":"shipping-taxable","11":"purchasable","12":"product-type-simple"},"_links":{"self":[{"href":"https:\/\/tilefly.com\/fr\/wp-json\/wp\/v2\/product\/527116","targetHints":{"allow":["GET"]}}],"collection":[{"href":"https:\/\/tilefly.com\/fr\/wp-json\/wp\/v2\/product"}],"about":[{"href":"https:\/\/tilefly.com\/fr\/wp-json\/wp\/v2\/types\/product"}],"replies":[{"embeddable":true,"href":"https:\/\/tilefly.com\/fr\/wp-json\/wp\/v2\/comments?post=527116"}],"wp:featuredmedia":[{"embeddable":true,"href":"https:\/\/tilefly.com\/fr\/wp-json\/wp\/v2\/media\/82431"}],"wp:attachment":[{"href":"https:\/\/tilefly.com\/fr\/wp-json\/wp\/v2\/media?parent=527116"}],"wp:term":[{"taxonomy":"product_brand","embeddable":true,"href":"https:\/\/tilefly.com\/fr\/wp-json\/wp\/v2\/product_brand?post=527116"},{"taxonomy":"product_cat","embeddable":true,"href":"https:\/\/tilefly.com\/fr\/wp-json\/wp\/v2\/product_cat?post=527116"},{"taxonomy":"product_tag","embeddable":true,"href":"https:\/\/tilefly.com\/fr\/wp-json\/wp\/v2\/product_tag?post=527116"}],"curies":[{"name":"wp","href":"https:\/\/api.w.org\/{rel}","templated":true}]}}