{"id":527107,"date":"2020-09-08T16:15:38","date_gmt":"2024-04-26T17:44:20","guid":{"rendered":"https:\/\/tilefly.com\/producto\/sassi-grigio-natural-60x120\/"},"modified":"2024-04-26T19:44:20","modified_gmt":"2024-04-26T17:44:20","slug":"sassi-grigio-natural-60x120","status":"publish","type":"product","link":"https:\/\/tilefly.com\/fr\/produit\/sassi-grigio-natural-60x120\/","title":{"rendered":"SASSI GRIGIO NATURAL 60X120"},"content":{"rendered":"<p>Gr\u00e8s c\u00e9rame \u00e9maill\u00e9 naturel<\/p><p>Cette collection est une pure reproduction de la pierre et du ciment avec son imperfection parfaite. L&#8217;une des nombreuses particularit\u00e9s de cette s\u00e9rie r\u00e9side dans les textures et les multiples d\u00e9tails chromatiques obtenus gr\u00e2ce \u00e0 l&#8217;utilisation d&#8217;encres sp\u00e9ciales. La gamme de couleurs de ces carreaux comprend quatre teintes neutres : Anthracite, Bianco, Grigio et Sabbia. La s\u00e9rie est compl\u00e9t\u00e9e par une solution d\u00e9corative dans laquelle nous recr\u00e9ons la profondeur des pierres.<\/p><p>Cette collection est cr\u00e9\u00e9e en combinant diff\u00e9rentes inspirations afin d&#8217;obtenir une fusion parfaite pour une m\u00eame surface. Sassi est le contraste parfait entre la nature structurelle du b\u00e9ton et le naturel de la pierre. C&#8217;est pourquoi l&#8217;une des caract\u00e9ristiques les plus remarquables de cette s\u00e9rie r\u00e9side dans les textures et les multiples d\u00e9tails chromatiques obtenus gr\u00e2ce \u00e0 l&#8217;utilisation d&#8217;encres sp\u00e9ciales. La gamme de couleurs de ces carreaux comprend quatre teintes neutres : Anthracite, Bianco, Grigio et Sabbia. La s\u00e9rie est compl\u00e9t\u00e9e par une solution d\u00e9corative dans laquelle nous recr\u00e9ons la profondeur des pierres avec des figures g\u00e9om\u00e9triques en relief qui donnent une grande personnalit\u00e9 \u00e0 l&#8217;espace o\u00f9 elle est appliqu\u00e9e. Et aussi des carreaux de grand format (120X120 et 90X180).<\/p>","protected":false},"excerpt":{"rendered":"<p>Gr\u00e8s c\u00e9rame \u00e9maill\u00e9 naturelCette collection est une pure reproduction de la pierre et du ciment avec son imperfection parfaite. L&#8217;une des nombreuses particularit\u00e9s de cette s\u00e9rie r\u00e9side dans les textures et les multiples d\u00e9tails chromatiques obtenus gr\u00e2ce \u00e0 l&#8217;utilisation d&#8217;encres sp\u00e9ciales. La gamme de couleurs de ces carreaux comprend quatre teintes neutres : Anthracite, Bianco, [&hellip;]<\/p>\n","protected":false},"featured_media":82620,"comment_status":"open","ping_status":"closed","template":"","meta":[],"product_brand":[],"product_cat":[353,355,356,354],"product_tag":[],"class_list":{"0":"post-527107","1":"product","2":"type-product","3":"status-publish","4":"has-post-thumbnail","6":"product_cat-carrelage","7":"product_cat-cuisines","8":"product_cat-faiences","9":"product_cat-carrelage-salle-de-bain","11":"first","12":"outofstock","13":"shipping-taxable","14":"purchasable","15":"product-type-simple"},"_links":{"self":[{"href":"https:\/\/tilefly.com\/fr\/wp-json\/wp\/v2\/product\/527107","targetHints":{"allow":["GET"]}}],"collection":[{"href":"https:\/\/tilefly.com\/fr\/wp-json\/wp\/v2\/product"}],"about":[{"href":"https:\/\/tilefly.com\/fr\/wp-json\/wp\/v2\/types\/product"}],"replies":[{"embeddable":true,"href":"https:\/\/tilefly.com\/fr\/wp-json\/wp\/v2\/comments?post=527107"}],"wp:featuredmedia":[{"embeddable":true,"href":"https:\/\/tilefly.com\/fr\/wp-json\/wp\/v2\/media\/82620"}],"wp:attachment":[{"href":"https:\/\/tilefly.com\/fr\/wp-json\/wp\/v2\/media?parent=527107"}],"wp:term":[{"taxonomy":"product_brand","embeddable":true,"href":"https:\/\/tilefly.com\/fr\/wp-json\/wp\/v2\/product_brand?post=527107"},{"taxonomy":"product_cat","embeddable":true,"href":"https:\/\/tilefly.com\/fr\/wp-json\/wp\/v2\/product_cat?post=527107"},{"taxonomy":"product_tag","embeddable":true,"href":"https:\/\/tilefly.com\/fr\/wp-json\/wp\/v2\/product_tag?post=527107"}],"curies":[{"name":"wp","href":"https:\/\/api.w.org\/{rel}","templated":true}]}}