{"id":527090,"date":"2020-09-28T14:36:26","date_gmt":"2020-09-28T12:36:26","guid":{"rendered":"https:\/\/tilefly.com\/producto\/acier-white-mt-60x120-rect\/"},"modified":"2024-04-26T19:44:04","modified_gmt":"2024-04-26T17:44:04","slug":"acier-white-mt-60x120-rect","status":"publish","type":"product","link":"https:\/\/tilefly.com\/fr\/produit\/acier-white-mt-60x120-rect\/","title":{"rendered":"ACIER WHITE MT 60X120 RECT."},"content":{"rendered":"<p>Ce Carreaux de Porcelaine de la s\u00e9rie ACIER se distingue par son mat\u00e9riau Porcelaine Emaill\u00e9e qui est l&#8217;un des plus r\u00e9sistants du march\u00e9, il a une texture Effet M\u00e9tal avec une finition Mat en format 60X120 RECT.<\/p>","protected":false},"excerpt":{"rendered":"<p>Ce Carreaux de Porcelaine de la s\u00e9rie ACIER se distingue par son mat\u00e9riau Porcelaine Emaill\u00e9e qui est l&#8217;un des plus r\u00e9sistants du march\u00e9, il a une texture Effet M\u00e9tal avec une finition Mat en format 60X120 RECT.<\/p>\n","protected":false},"featured_media":527093,"comment_status":"open","ping_status":"closed","template":"","meta":[],"product_brand":[],"product_cat":[353,355,356,354,357],"product_tag":[],"class_list":{"0":"post-527090","1":"product","2":"type-product","3":"status-publish","4":"has-post-thumbnail","6":"product_cat-carrelage","7":"product_cat-cuisines","8":"product_cat-faiences","9":"product_cat-carrelage-salle-de-bain","10":"product_cat-carrelage-salon","12":"first","13":"instock","14":"shipping-taxable","15":"purchasable","16":"product-type-simple"},"_links":{"self":[{"href":"https:\/\/tilefly.com\/fr\/wp-json\/wp\/v2\/product\/527090","targetHints":{"allow":["GET"]}}],"collection":[{"href":"https:\/\/tilefly.com\/fr\/wp-json\/wp\/v2\/product"}],"about":[{"href":"https:\/\/tilefly.com\/fr\/wp-json\/wp\/v2\/types\/product"}],"replies":[{"embeddable":true,"href":"https:\/\/tilefly.com\/fr\/wp-json\/wp\/v2\/comments?post=527090"}],"wp:featuredmedia":[{"embeddable":true,"href":"https:\/\/tilefly.com\/fr\/wp-json\/wp\/v2\/media\/527093"}],"wp:attachment":[{"href":"https:\/\/tilefly.com\/fr\/wp-json\/wp\/v2\/media?parent=527090"}],"wp:term":[{"taxonomy":"product_brand","embeddable":true,"href":"https:\/\/tilefly.com\/fr\/wp-json\/wp\/v2\/product_brand?post=527090"},{"taxonomy":"product_cat","embeddable":true,"href":"https:\/\/tilefly.com\/fr\/wp-json\/wp\/v2\/product_cat?post=527090"},{"taxonomy":"product_tag","embeddable":true,"href":"https:\/\/tilefly.com\/fr\/wp-json\/wp\/v2\/product_tag?post=527090"}],"curies":[{"name":"wp","href":"https:\/\/api.w.org\/{rel}","templated":true}]}}