{"id":527083,"date":"2020-10-09T14:48:27","date_gmt":"2020-10-09T12:48:27","guid":{"rendered":"https:\/\/tilefly.com\/producto\/lancelot-gold-mt-60x120-rect\/"},"modified":"2024-04-26T19:43:12","modified_gmt":"2024-04-26T17:43:12","slug":"lancelot-gold-mt-60x120-rect","status":"publish","type":"product","link":"https:\/\/tilefly.com\/fr\/produit\/lancelot-gold-mt-60x120-rect\/","title":{"rendered":"LANCELOT GOLD MT 60X120 RECT."},"content":{"rendered":"<p>Ce Carreaux de Porcelaine de la s\u00e9rie LANCELOT se distingue par son mat\u00e9riau Porcelaine Emaill\u00e9e \u00e9tant l&#8217;un des plus r\u00e9sistants du march\u00e9, il a une texture Imitation marbre avec une finition Mate en format 60X120 RECT.<\/p>","protected":false},"excerpt":{"rendered":"<p>Ce Carreaux de Porcelaine de la s\u00e9rie LANCELOT se distingue par son mat\u00e9riau Porcelaine Emaill\u00e9e \u00e9tant l&#8217;un des plus r\u00e9sistants du march\u00e9, il a une texture Imitation marbre avec une finition Mate en format 60X120 RECT.<\/p>\n","protected":false},"featured_media":527084,"comment_status":"open","ping_status":"closed","template":"","meta":[],"product_brand":[],"product_cat":[353,355,357],"product_tag":[],"class_list":{"0":"post-527083","1":"product","2":"type-product","3":"status-publish","4":"has-post-thumbnail","6":"product_cat-carrelage","7":"product_cat-cuisines","8":"product_cat-carrelage-salon","10":"first","11":"instock","12":"shipping-taxable","13":"purchasable","14":"product-type-simple"},"_links":{"self":[{"href":"https:\/\/tilefly.com\/fr\/wp-json\/wp\/v2\/product\/527083","targetHints":{"allow":["GET"]}}],"collection":[{"href":"https:\/\/tilefly.com\/fr\/wp-json\/wp\/v2\/product"}],"about":[{"href":"https:\/\/tilefly.com\/fr\/wp-json\/wp\/v2\/types\/product"}],"replies":[{"embeddable":true,"href":"https:\/\/tilefly.com\/fr\/wp-json\/wp\/v2\/comments?post=527083"}],"wp:featuredmedia":[{"embeddable":true,"href":"https:\/\/tilefly.com\/fr\/wp-json\/wp\/v2\/media\/527084"}],"wp:attachment":[{"href":"https:\/\/tilefly.com\/fr\/wp-json\/wp\/v2\/media?parent=527083"}],"wp:term":[{"taxonomy":"product_brand","embeddable":true,"href":"https:\/\/tilefly.com\/fr\/wp-json\/wp\/v2\/product_brand?post=527083"},{"taxonomy":"product_cat","embeddable":true,"href":"https:\/\/tilefly.com\/fr\/wp-json\/wp\/v2\/product_cat?post=527083"},{"taxonomy":"product_tag","embeddable":true,"href":"https:\/\/tilefly.com\/fr\/wp-json\/wp\/v2\/product_tag?post=527083"}],"curies":[{"name":"wp","href":"https:\/\/api.w.org\/{rel}","templated":true}]}}