{"id":527062,"date":"2020-10-16T07:46:07","date_gmt":"2024-04-26T17:41:26","guid":{"rendered":"https:\/\/tilefly.com\/producto\/flavin-fumo-60x120\/"},"modified":"2024-04-26T19:41:26","modified_gmt":"2024-04-26T17:41:26","slug":"flavin-fumo-60x120","status":"publish","type":"product","link":"https:\/\/tilefly.com\/fr\/produit\/flavin-fumo-60x120\/","title":{"rendered":"FLAVIN FUMO 60X120"},"content":{"rendered":"<p>D\u00e9coration en deux finitions diff\u00e9rentes : l&#8217;une avec des tons beiges sur la base Fumo et l&#8217;autre avec des tons gris sur la base Ferro. La s\u00e9rigraphie est int\u00e9gr\u00e9e \u00e0 la base pour cr\u00e9er le motif qui donne \u00e9galement de la texture.<\/p>","protected":false},"excerpt":{"rendered":"<p>D\u00e9coration en deux finitions diff\u00e9rentes : l&#8217;une avec des tons beiges sur la base Fumo et l&#8217;autre avec des tons gris sur la base Ferro. La s\u00e9rigraphie est int\u00e9gr\u00e9e \u00e0 la base pour cr\u00e9er le motif qui donne \u00e9galement de la texture.<\/p>\n","protected":false},"featured_media":526741,"comment_status":"open","ping_status":"closed","template":"","meta":[],"product_brand":[],"product_cat":[355,356,354],"product_tag":[],"class_list":{"0":"post-527062","1":"product","2":"type-product","3":"status-publish","4":"has-post-thumbnail","6":"product_cat-cuisines","7":"product_cat-faiences","8":"product_cat-carrelage-salle-de-bain","10":"first","11":"outofstock","12":"shipping-taxable","13":"purchasable","14":"product-type-simple"},"_links":{"self":[{"href":"https:\/\/tilefly.com\/fr\/wp-json\/wp\/v2\/product\/527062","targetHints":{"allow":["GET"]}}],"collection":[{"href":"https:\/\/tilefly.com\/fr\/wp-json\/wp\/v2\/product"}],"about":[{"href":"https:\/\/tilefly.com\/fr\/wp-json\/wp\/v2\/types\/product"}],"replies":[{"embeddable":true,"href":"https:\/\/tilefly.com\/fr\/wp-json\/wp\/v2\/comments?post=527062"}],"wp:featuredmedia":[{"embeddable":true,"href":"https:\/\/tilefly.com\/fr\/wp-json\/wp\/v2\/media\/526741"}],"wp:attachment":[{"href":"https:\/\/tilefly.com\/fr\/wp-json\/wp\/v2\/media?parent=527062"}],"wp:term":[{"taxonomy":"product_brand","embeddable":true,"href":"https:\/\/tilefly.com\/fr\/wp-json\/wp\/v2\/product_brand?post=527062"},{"taxonomy":"product_cat","embeddable":true,"href":"https:\/\/tilefly.com\/fr\/wp-json\/wp\/v2\/product_cat?post=527062"},{"taxonomy":"product_tag","embeddable":true,"href":"https:\/\/tilefly.com\/fr\/wp-json\/wp\/v2\/product_tag?post=527062"}],"curies":[{"name":"wp","href":"https:\/\/api.w.org\/{rel}","templated":true}]}}