{"id":527059,"date":"2020-10-14T22:46:14","date_gmt":"2020-10-14T20:46:14","guid":{"rendered":"https:\/\/tilefly.com\/producto\/emporio-grey-rec-60x120\/"},"modified":"2024-04-26T19:41:25","modified_gmt":"2024-04-26T17:41:25","slug":"emporio-grey-rec-60x120","status":"publish","type":"product","link":"https:\/\/tilefly.com\/fr\/produit\/emporio-grey-rec-60x120\/","title":{"rendered":"EMPORIO GREY REC 60X120"},"content":{"rendered":"<p>La s\u00e9rie Emporio, avec une finition en pierre, est clairement influenc\u00e9e par les mat\u00e9riaux utilis\u00e9s dans les constructions de la Gr\u00e8ce antique. La gamme de couleurs est ax\u00e9e sur les couleurs naturelles et les niveaux de gris. Disponible dans les formats 30&#215;60, 60&#215;60 et 60&#215;120.<\/p>","protected":false},"excerpt":{"rendered":"<p>La s\u00e9rie Emporio, avec une finition en pierre, est clairement influenc\u00e9e par les mat\u00e9riaux utilis\u00e9s dans les constructions de la Gr\u00e8ce antique. La gamme de couleurs est ax\u00e9e sur les couleurs naturelles et les niveaux de gris. Disponible dans les formats 30&#215;60, 60&#215;60 et 60&#215;120.<\/p>\n","protected":false},"featured_media":577425,"comment_status":"open","ping_status":"closed","template":"","meta":[],"product_brand":[],"product_cat":[353,357],"product_tag":[],"class_list":{"0":"post-527059","1":"product","2":"type-product","3":"status-publish","4":"has-post-thumbnail","6":"product_cat-carrelage","7":"product_cat-carrelage-salon","9":"first","10":"outofstock","11":"shipping-taxable","12":"purchasable","13":"product-type-simple"},"_links":{"self":[{"href":"https:\/\/tilefly.com\/fr\/wp-json\/wp\/v2\/product\/527059","targetHints":{"allow":["GET"]}}],"collection":[{"href":"https:\/\/tilefly.com\/fr\/wp-json\/wp\/v2\/product"}],"about":[{"href":"https:\/\/tilefly.com\/fr\/wp-json\/wp\/v2\/types\/product"}],"replies":[{"embeddable":true,"href":"https:\/\/tilefly.com\/fr\/wp-json\/wp\/v2\/comments?post=527059"}],"wp:featuredmedia":[{"embeddable":true,"href":"https:\/\/tilefly.com\/fr\/wp-json\/wp\/v2\/media\/577425"}],"wp:attachment":[{"href":"https:\/\/tilefly.com\/fr\/wp-json\/wp\/v2\/media?parent=527059"}],"wp:term":[{"taxonomy":"product_brand","embeddable":true,"href":"https:\/\/tilefly.com\/fr\/wp-json\/wp\/v2\/product_brand?post=527059"},{"taxonomy":"product_cat","embeddable":true,"href":"https:\/\/tilefly.com\/fr\/wp-json\/wp\/v2\/product_cat?post=527059"},{"taxonomy":"product_tag","embeddable":true,"href":"https:\/\/tilefly.com\/fr\/wp-json\/wp\/v2\/product_tag?post=527059"}],"curies":[{"name":"wp","href":"https:\/\/api.w.org\/{rel}","templated":true}]}}