{"id":527058,"date":"2020-10-16T07:46:07","date_gmt":"2024-04-26T17:41:25","guid":{"rendered":"https:\/\/tilefly.com\/producto\/just-white-gloss-60x120\/"},"modified":"2024-04-26T19:41:25","modified_gmt":"2024-04-26T17:41:25","slug":"just-white-gloss-60x120","status":"publish","type":"product","link":"https:\/\/tilefly.com\/fr\/produit\/just-white-gloss-60x120\/","title":{"rendered":"JUST WHITE GLOSS 60X120"},"content":{"rendered":"<p>Carrelage en porcelaine polie rectifi\u00e9e.<br \/>Gr\u00e2ce \u00e0 sa couleur blanc pur et \u00e0 sa finition polie haute brillance, JUST WHITE est une solution tr\u00e8s polyvalente pour les fa\u00e7ades et les int\u00e9rieurs.<\/p>","protected":false},"excerpt":{"rendered":"<p>Carrelage en porcelaine polie rectifi\u00e9e.Gr\u00e2ce \u00e0 sa couleur blanc pur et \u00e0 sa finition polie haute brillance, JUST WHITE est une solution tr\u00e8s polyvalente pour les fa\u00e7ades et les int\u00e9rieurs.<\/p>\n","protected":false},"featured_media":124068,"comment_status":"open","ping_status":"closed","template":"","meta":[],"product_brand":[],"product_cat":[355,356,354],"product_tag":[],"class_list":{"0":"post-527058","1":"product","2":"type-product","3":"status-publish","4":"has-post-thumbnail","6":"product_cat-cuisines","7":"product_cat-faiences","8":"product_cat-carrelage-salle-de-bain","10":"first","11":"instock","12":"shipping-taxable","13":"purchasable","14":"product-type-simple"},"_links":{"self":[{"href":"https:\/\/tilefly.com\/fr\/wp-json\/wp\/v2\/product\/527058","targetHints":{"allow":["GET"]}}],"collection":[{"href":"https:\/\/tilefly.com\/fr\/wp-json\/wp\/v2\/product"}],"about":[{"href":"https:\/\/tilefly.com\/fr\/wp-json\/wp\/v2\/types\/product"}],"replies":[{"embeddable":true,"href":"https:\/\/tilefly.com\/fr\/wp-json\/wp\/v2\/comments?post=527058"}],"wp:featuredmedia":[{"embeddable":true,"href":"https:\/\/tilefly.com\/fr\/wp-json\/wp\/v2\/media\/124068"}],"wp:attachment":[{"href":"https:\/\/tilefly.com\/fr\/wp-json\/wp\/v2\/media?parent=527058"}],"wp:term":[{"taxonomy":"product_brand","embeddable":true,"href":"https:\/\/tilefly.com\/fr\/wp-json\/wp\/v2\/product_brand?post=527058"},{"taxonomy":"product_cat","embeddable":true,"href":"https:\/\/tilefly.com\/fr\/wp-json\/wp\/v2\/product_cat?post=527058"},{"taxonomy":"product_tag","embeddable":true,"href":"https:\/\/tilefly.com\/fr\/wp-json\/wp\/v2\/product_tag?post=527058"}],"curies":[{"name":"wp","href":"https:\/\/api.w.org\/{rel}","templated":true}]}}