{"id":527052,"date":"2020-10-14T22:46:14","date_gmt":"2024-04-26T17:41:21","guid":{"rendered":"https:\/\/tilefly.com\/producto\/cremabella-rec-60x120\/"},"modified":"2024-04-26T19:41:21","modified_gmt":"2024-04-26T17:41:21","slug":"cremabella-rec-60x120","status":"publish","type":"product","link":"https:\/\/tilefly.com\/fr\/produit\/cremabella-rec-60x120\/","title":{"rendered":"CREMABELLA REC 60X120"},"content":{"rendered":"<p>Rev\u00eatement de sol \u00e0 la finition marbr\u00e9e, pr\u00e9sent\u00e9 comme une alternative au marbre calacatta. Disponible dans les formats 60&#215;60 et 60&#215;120.<\/p>","protected":false},"excerpt":{"rendered":"<p>Rev\u00eatement de sol \u00e0 la finition marbr\u00e9e, pr\u00e9sent\u00e9 comme une alternative au marbre calacatta. Disponible dans les formats 60&#215;60 et 60&#215;120.<\/p>\n","protected":false},"featured_media":526780,"comment_status":"open","ping_status":"closed","template":"","meta":[],"product_brand":[],"product_cat":[353,357],"product_tag":[],"class_list":{"0":"post-527052","1":"product","2":"type-product","3":"status-publish","4":"has-post-thumbnail","6":"product_cat-carrelage","7":"product_cat-carrelage-salon","9":"first","10":"outofstock","11":"shipping-taxable","12":"purchasable","13":"product-type-simple"},"_links":{"self":[{"href":"https:\/\/tilefly.com\/fr\/wp-json\/wp\/v2\/product\/527052","targetHints":{"allow":["GET"]}}],"collection":[{"href":"https:\/\/tilefly.com\/fr\/wp-json\/wp\/v2\/product"}],"about":[{"href":"https:\/\/tilefly.com\/fr\/wp-json\/wp\/v2\/types\/product"}],"replies":[{"embeddable":true,"href":"https:\/\/tilefly.com\/fr\/wp-json\/wp\/v2\/comments?post=527052"}],"wp:featuredmedia":[{"embeddable":true,"href":"https:\/\/tilefly.com\/fr\/wp-json\/wp\/v2\/media\/526780"}],"wp:attachment":[{"href":"https:\/\/tilefly.com\/fr\/wp-json\/wp\/v2\/media?parent=527052"}],"wp:term":[{"taxonomy":"product_brand","embeddable":true,"href":"https:\/\/tilefly.com\/fr\/wp-json\/wp\/v2\/product_brand?post=527052"},{"taxonomy":"product_cat","embeddable":true,"href":"https:\/\/tilefly.com\/fr\/wp-json\/wp\/v2\/product_cat?post=527052"},{"taxonomy":"product_tag","embeddable":true,"href":"https:\/\/tilefly.com\/fr\/wp-json\/wp\/v2\/product_tag?post=527052"}],"curies":[{"name":"wp","href":"https:\/\/api.w.org\/{rel}","templated":true}]}}