{"id":527051,"date":"2021-10-11T13:48:54","date_gmt":"2024-04-26T17:41:21","guid":{"rendered":"https:\/\/tilefly.com\/producto\/melange-noir-natural-60x120\/"},"modified":"2024-04-26T19:41:21","modified_gmt":"2024-04-26T17:41:21","slug":"melange-noir-natural-60x120","status":"publish","type":"product","link":"https:\/\/tilefly.com\/fr\/produit\/melange-noir-natural-60x120\/","title":{"rendered":"MELANGE NOIR NATURAL 60X120"},"content":{"rendered":"<p>Le m\u00e9lange de diff\u00e9rents motifs de pierre pour habiller votre espace donne lieu \u00e0 un jeu d&#8217;ombre et de lumi\u00e8re qui offre diff\u00e9rentes surfaces avec une finition d\u00e9licate et contemporaine. Sa palette de 5 couleurs sophistiqu\u00e9es est cr\u00e9\u00e9e dans la tendance des couleurs calmes et tranquilles que vous pouvez \u00e9galement trouver dans une vari\u00e9t\u00e9 de formats 60X60, 60X120 et 90X180.<\/p>","protected":false},"excerpt":{"rendered":"<p>Le m\u00e9lange de diff\u00e9rents motifs de pierre pour habiller votre espace donne lieu \u00e0 un jeu d&#8217;ombre et de lumi\u00e8re qui offre diff\u00e9rentes surfaces avec une finition d\u00e9licate et contemporaine. Sa palette de 5 couleurs sophistiqu\u00e9es est cr\u00e9\u00e9e dans la tendance des couleurs calmes et tranquilles que vous pouvez \u00e9galement trouver dans une vari\u00e9t\u00e9 de [&hellip;]<\/p>\n","protected":false},"featured_media":513287,"comment_status":"closed","ping_status":"closed","template":"","meta":[],"product_brand":[],"product_cat":[353,355,356,354,357],"product_tag":[],"class_list":{"0":"post-527051","1":"product","2":"type-product","3":"status-publish","4":"has-post-thumbnail","6":"product_cat-carrelage","7":"product_cat-cuisines","8":"product_cat-faiences","9":"product_cat-carrelage-salle-de-bain","10":"product_cat-carrelage-salon","12":"first","13":"outofstock","14":"shipping-taxable","15":"purchasable","16":"product-type-simple"},"_links":{"self":[{"href":"https:\/\/tilefly.com\/fr\/wp-json\/wp\/v2\/product\/527051","targetHints":{"allow":["GET"]}}],"collection":[{"href":"https:\/\/tilefly.com\/fr\/wp-json\/wp\/v2\/product"}],"about":[{"href":"https:\/\/tilefly.com\/fr\/wp-json\/wp\/v2\/types\/product"}],"replies":[{"embeddable":true,"href":"https:\/\/tilefly.com\/fr\/wp-json\/wp\/v2\/comments?post=527051"}],"wp:featuredmedia":[{"embeddable":true,"href":"https:\/\/tilefly.com\/fr\/wp-json\/wp\/v2\/media\/513287"}],"wp:attachment":[{"href":"https:\/\/tilefly.com\/fr\/wp-json\/wp\/v2\/media?parent=527051"}],"wp:term":[{"taxonomy":"product_brand","embeddable":true,"href":"https:\/\/tilefly.com\/fr\/wp-json\/wp\/v2\/product_brand?post=527051"},{"taxonomy":"product_cat","embeddable":true,"href":"https:\/\/tilefly.com\/fr\/wp-json\/wp\/v2\/product_cat?post=527051"},{"taxonomy":"product_tag","embeddable":true,"href":"https:\/\/tilefly.com\/fr\/wp-json\/wp\/v2\/product_tag?post=527051"}],"curies":[{"name":"wp","href":"https:\/\/api.w.org\/{rel}","templated":true}]}}