{"id":527044,"date":"2022-06-27T10:49:59","date_gmt":"2024-04-26T15:45:07","guid":{"rendered":"https:\/\/tilefly.com\/producto\/majestic-bianco-natural-leaf-30x90\/"},"modified":"2024-04-26T17:45:07","modified_gmt":"2024-04-26T15:45:07","slug":"majestic-bianco-natural-leaf-30x90","status":"publish","type":"product","link":"https:\/\/tilefly.com\/fr\/produit\/majestic-bianco-natural-leaf-30x90\/","title":{"rendered":"MAJESTIC BIANCO NATURAL LEAF 30X90"},"content":{"rendered":"<p>Fa\u00efence rectifi\u00e9e en p\u00e2te blanche 30\u00d790 avec relief.<\/p><p>L&#8217;achromatisme et la simplicit\u00e9 de cette s\u00e9rie en font sa caract\u00e9ristique principale, renfor\u00e7ant et donnant le protagonisme au blanc le plus lumineux. Avec Majestic, le concept d&#8217;\u00e9l\u00e9gance dans la d\u00e9coration d&#8217;int\u00e9rieur minimaliste est ainsi renouvel\u00e9. Combin\u00e9es les unes aux autres, elles permettent d&#8217;obtenir des finitions visuellement \u00e9tonnantes et des designs inimaginables. L&#8217;intensit\u00e9 de ces deux couleurs dans un m\u00eame espace donne une forte personnalit\u00e9 \u00e0 n&#8217;importe quelle pi\u00e8ce et se retrouve aussi bien dans les cuisines modernes que dans les salles de Bain minimalistes. Cette collection propose \u00e9galement des carreaux pour carrelages en gr\u00e8s c\u00e9rame.<\/p>","protected":false},"excerpt":{"rendered":"<p>Fa\u00efence rectifi\u00e9e en p\u00e2te blanche 30\u00d790 avec relief.L&#8217;achromatisme et la simplicit\u00e9 de cette s\u00e9rie en font sa caract\u00e9ristique principale, renfor\u00e7ant et donnant le protagonisme au blanc le plus lumineux. Avec Majestic, le concept d&#8217;\u00e9l\u00e9gance dans la d\u00e9coration d&#8217;int\u00e9rieur minimaliste est ainsi renouvel\u00e9. Combin\u00e9es les unes aux autres, elles permettent d&#8217;obtenir des finitions visuellement \u00e9tonnantes et [&hellip;]<\/p>\n","protected":false},"featured_media":527045,"comment_status":"closed","ping_status":"closed","template":"","meta":[],"product_brand":[],"product_cat":[355,356,354],"product_tag":[],"class_list":{"0":"post-527044","1":"product","2":"type-product","3":"status-publish","4":"has-post-thumbnail","6":"product_cat-cuisines","7":"product_cat-faiences","8":"product_cat-carrelage-salle-de-bain","10":"first","11":"instock","12":"shipping-taxable","13":"purchasable","14":"product-type-simple"},"_links":{"self":[{"href":"https:\/\/tilefly.com\/fr\/wp-json\/wp\/v2\/product\/527044","targetHints":{"allow":["GET"]}}],"collection":[{"href":"https:\/\/tilefly.com\/fr\/wp-json\/wp\/v2\/product"}],"about":[{"href":"https:\/\/tilefly.com\/fr\/wp-json\/wp\/v2\/types\/product"}],"replies":[{"embeddable":true,"href":"https:\/\/tilefly.com\/fr\/wp-json\/wp\/v2\/comments?post=527044"}],"wp:featuredmedia":[{"embeddable":true,"href":"https:\/\/tilefly.com\/fr\/wp-json\/wp\/v2\/media\/527045"}],"wp:attachment":[{"href":"https:\/\/tilefly.com\/fr\/wp-json\/wp\/v2\/media?parent=527044"}],"wp:term":[{"taxonomy":"product_brand","embeddable":true,"href":"https:\/\/tilefly.com\/fr\/wp-json\/wp\/v2\/product_brand?post=527044"},{"taxonomy":"product_cat","embeddable":true,"href":"https:\/\/tilefly.com\/fr\/wp-json\/wp\/v2\/product_cat?post=527044"},{"taxonomy":"product_tag","embeddable":true,"href":"https:\/\/tilefly.com\/fr\/wp-json\/wp\/v2\/product_tag?post=527044"}],"curies":[{"name":"wp","href":"https:\/\/api.w.org\/{rel}","templated":true}]}}