{"id":527032,"date":"2022-09-23T10:39:52","date_gmt":"2024-04-26T15:44:18","guid":{"rendered":"https:\/\/tilefly.com\/producto\/dover-bone-natural-60x60\/"},"modified":"2024-04-26T17:44:18","modified_gmt":"2024-04-26T15:44:18","slug":"dover-bone-natural-60x60","status":"publish","type":"product","link":"https:\/\/tilefly.com\/fr\/produit\/dover-bone-natural-60x60\/","title":{"rendered":"DOVER BONE NATURAL 60X60"},"content":{"rendered":"<p>Gr\u00e8s c\u00e9rame naturel \u00e9maill\u00e9 en format 60&#215;60 non rectifi\u00e9<\/p><p>La s\u00e9rie Dover imite la surface du b\u00e9ton avec de magnifiques nuances et s&#8217;approche de la reproduction parfaite de ce mat\u00e9riau.<\/p><p>Cette collection est parfaite pour donner une continuit\u00e9 aux espaces. Une collection d\u00e9finie par sa puret\u00e9 et son intemporalit\u00e9. Avec elle, les couleurs se m\u00e9langent et se coordonnent parfaitement pour cr\u00e9er des espaces chaleureux qui r\u00e9pondent parfaitement aux besoins des nouveaux modes de vie. Gr\u00e2ce \u00e0 leurs caract\u00e9ristiques de conception et de mat\u00e9riau, ce sont des carreaux tr\u00e8s polyvalents qui peuvent \u00eatre utilis\u00e9s dans les int\u00e9rieurs, mais aussi dans les ext\u00e9rieurs.<\/p>","protected":false},"excerpt":{"rendered":"<p>Gr\u00e8s c\u00e9rame naturel \u00e9maill\u00e9 en format 60&#215;60 non rectifi\u00e9La s\u00e9rie Dover imite la surface du b\u00e9ton avec de magnifiques nuances et s&#8217;approche de la reproduction parfaite de ce mat\u00e9riau.Cette collection est parfaite pour donner une continuit\u00e9 aux espaces. Une collection d\u00e9finie par sa puret\u00e9 et son intemporalit\u00e9. Avec elle, les couleurs se m\u00e9langent et se [&hellip;]<\/p>\n","protected":false},"featured_media":519407,"comment_status":"closed","ping_status":"closed","template":"","meta":[],"product_brand":[],"product_cat":[353,355,356,354,357],"product_tag":[],"class_list":{"0":"post-527032","1":"product","2":"type-product","3":"status-publish","4":"has-post-thumbnail","6":"product_cat-carrelage","7":"product_cat-cuisines","8":"product_cat-faiences","9":"product_cat-carrelage-salle-de-bain","10":"product_cat-carrelage-salon","12":"first","13":"outofstock","14":"shipping-taxable","15":"purchasable","16":"product-type-simple"},"_links":{"self":[{"href":"https:\/\/tilefly.com\/fr\/wp-json\/wp\/v2\/product\/527032","targetHints":{"allow":["GET"]}}],"collection":[{"href":"https:\/\/tilefly.com\/fr\/wp-json\/wp\/v2\/product"}],"about":[{"href":"https:\/\/tilefly.com\/fr\/wp-json\/wp\/v2\/types\/product"}],"replies":[{"embeddable":true,"href":"https:\/\/tilefly.com\/fr\/wp-json\/wp\/v2\/comments?post=527032"}],"wp:featuredmedia":[{"embeddable":true,"href":"https:\/\/tilefly.com\/fr\/wp-json\/wp\/v2\/media\/519407"}],"wp:attachment":[{"href":"https:\/\/tilefly.com\/fr\/wp-json\/wp\/v2\/media?parent=527032"}],"wp:term":[{"taxonomy":"product_brand","embeddable":true,"href":"https:\/\/tilefly.com\/fr\/wp-json\/wp\/v2\/product_brand?post=527032"},{"taxonomy":"product_cat","embeddable":true,"href":"https:\/\/tilefly.com\/fr\/wp-json\/wp\/v2\/product_cat?post=527032"},{"taxonomy":"product_tag","embeddable":true,"href":"https:\/\/tilefly.com\/fr\/wp-json\/wp\/v2\/product_tag?post=527032"}],"curies":[{"name":"wp","href":"https:\/\/api.w.org\/{rel}","templated":true}]}}