{"id":527027,"date":"2022-10-25T09:47:44","date_gmt":"2022-10-25T07:47:44","guid":{"rendered":"https:\/\/tilefly.com\/producto\/elementi-pearl-light-mt-30x60\/"},"modified":"2024-04-26T17:43:53","modified_gmt":"2024-04-26T15:43:53","slug":"elementi-pearl-light-mt-30x60","status":"publish","type":"product","link":"https:\/\/tilefly.com\/fr\/produit\/elementi-pearl-light-mt-30x60\/","title":{"rendered":"ELEMENTI PEARL LIGHT MT 30X60"},"content":{"rendered":"<div class=\"woocommerce-tabs wc-tabs-wrapper\"><div id=\"tab-description\" class=\"woocommerce-Tabs-panel woocommerce-Tabs-panel--description panel entry-content wc-tab\" role=\"tabpanel\" aria-labelledby=\"tab-title-description\"><p>Cette tuile en p\u00e2te rouge de la s\u00e9rie Elementi est une tuile \u00e9conomique id\u00e9ale pour les zones non humides, avec une texture imitation ciment et une finition mate au format 30X60 centim\u00e8tres.<\/p><\/div><\/div>","protected":false},"excerpt":{"rendered":"<p>Cette tuile en p\u00e2te rouge de la s\u00e9rie Elementi est une tuile \u00e9conomique id\u00e9ale pour les zones non humides, avec une texture imitation ciment et une finition mate au format 30X60 centim\u00e8tres.<\/p>\n","protected":false},"featured_media":519580,"comment_status":"closed","ping_status":"closed","template":"","meta":[],"product_brand":[],"product_cat":[355,356,354],"product_tag":[],"class_list":{"0":"post-527027","1":"product","2":"type-product","3":"status-publish","4":"has-post-thumbnail","6":"product_cat-cuisines","7":"product_cat-faiences","8":"product_cat-carrelage-salle-de-bain","10":"first","11":"instock","12":"shipping-taxable","13":"purchasable","14":"product-type-simple"},"_links":{"self":[{"href":"https:\/\/tilefly.com\/fr\/wp-json\/wp\/v2\/product\/527027","targetHints":{"allow":["GET"]}}],"collection":[{"href":"https:\/\/tilefly.com\/fr\/wp-json\/wp\/v2\/product"}],"about":[{"href":"https:\/\/tilefly.com\/fr\/wp-json\/wp\/v2\/types\/product"}],"replies":[{"embeddable":true,"href":"https:\/\/tilefly.com\/fr\/wp-json\/wp\/v2\/comments?post=527027"}],"wp:featuredmedia":[{"embeddable":true,"href":"https:\/\/tilefly.com\/fr\/wp-json\/wp\/v2\/media\/519580"}],"wp:attachment":[{"href":"https:\/\/tilefly.com\/fr\/wp-json\/wp\/v2\/media?parent=527027"}],"wp:term":[{"taxonomy":"product_brand","embeddable":true,"href":"https:\/\/tilefly.com\/fr\/wp-json\/wp\/v2\/product_brand?post=527027"},{"taxonomy":"product_cat","embeddable":true,"href":"https:\/\/tilefly.com\/fr\/wp-json\/wp\/v2\/product_cat?post=527027"},{"taxonomy":"product_tag","embeddable":true,"href":"https:\/\/tilefly.com\/fr\/wp-json\/wp\/v2\/product_tag?post=527027"}],"curies":[{"name":"wp","href":"https:\/\/api.w.org\/{rel}","templated":true}]}}