{"id":527026,"date":"2022-11-02T16:50:18","date_gmt":"2022-11-02T15:50:18","guid":{"rendered":"https:\/\/tilefly.com\/producto\/colorful-white-rect-30x90\/"},"modified":"2024-04-26T17:43:52","modified_gmt":"2024-04-26T15:43:52","slug":"colorful-white-rect-30x90","status":"publish","type":"product","link":"https:\/\/tilefly.com\/fr\/produit\/colorful-white-rect-30x90\/","title":{"rendered":"COLORFUL WHITE RECT. 30X90"},"content":{"rendered":"<h1><strong>Carreaux en p\u00e2te blanche COLORFUL WHITE RECT. 30X90<\/strong><\/h1><p>Ce carreau Pasta Blanca au format cm, finition mate, coloris naturel et blanc est parfait pour votre int\u00e9rieur. Son mat\u00e9riau de fabrication est la p\u00e2te blanche.<\/p><p>Particularit\u00e9s : monocolore<\/p>","protected":false},"excerpt":{"rendered":"<p>Carreaux en p\u00e2te blanche COLORFUL WHITE RECT. 30X90Ce carreau Pasta Blanca au format cm, finition mate, coloris naturel et blanc est parfait pour votre int\u00e9rieur. Son mat\u00e9riau de fabrication est la p\u00e2te blanche.Particularit\u00e9s : monocolore<\/p>\n","protected":false},"featured_media":519748,"comment_status":"closed","ping_status":"closed","template":"","meta":[],"product_brand":[],"product_cat":[355,356,354],"product_tag":[],"class_list":{"0":"post-527026","1":"product","2":"type-product","3":"status-publish","4":"has-post-thumbnail","6":"product_cat-cuisines","7":"product_cat-faiences","8":"product_cat-carrelage-salle-de-bain","10":"first","11":"instock","12":"shipping-taxable","13":"purchasable","14":"product-type-simple"},"_links":{"self":[{"href":"https:\/\/tilefly.com\/fr\/wp-json\/wp\/v2\/product\/527026","targetHints":{"allow":["GET"]}}],"collection":[{"href":"https:\/\/tilefly.com\/fr\/wp-json\/wp\/v2\/product"}],"about":[{"href":"https:\/\/tilefly.com\/fr\/wp-json\/wp\/v2\/types\/product"}],"replies":[{"embeddable":true,"href":"https:\/\/tilefly.com\/fr\/wp-json\/wp\/v2\/comments?post=527026"}],"wp:featuredmedia":[{"embeddable":true,"href":"https:\/\/tilefly.com\/fr\/wp-json\/wp\/v2\/media\/519748"}],"wp:attachment":[{"href":"https:\/\/tilefly.com\/fr\/wp-json\/wp\/v2\/media?parent=527026"}],"wp:term":[{"taxonomy":"product_brand","embeddable":true,"href":"https:\/\/tilefly.com\/fr\/wp-json\/wp\/v2\/product_brand?post=527026"},{"taxonomy":"product_cat","embeddable":true,"href":"https:\/\/tilefly.com\/fr\/wp-json\/wp\/v2\/product_cat?post=527026"},{"taxonomy":"product_tag","embeddable":true,"href":"https:\/\/tilefly.com\/fr\/wp-json\/wp\/v2\/product_tag?post=527026"}],"curies":[{"name":"wp","href":"https:\/\/api.w.org\/{rel}","templated":true}]}}