{"id":527016,"date":"2023-01-03T09:57:06","date_gmt":"2023-01-03T08:57:06","guid":{"rendered":"https:\/\/tilefly.com\/producto\/boiserie-blanco-mate-rect-30x90\/"},"modified":"2024-04-26T17:42:37","modified_gmt":"2024-04-26T15:42:37","slug":"boiserie-blanco-mate-rect-30x90","status":"publish","type":"product","link":"https:\/\/tilefly.com\/fr\/produit\/boiserie-blanco-mate-rect-30x90\/","title":{"rendered":"BOISERIE BLANCO MATE RECT. 30X90"},"content":{"rendered":"<div class=\"woocommerce-tabs wc-tabs-wrapper\"><div id=\"tab-description\" class=\"woocommerce-Tabs-panel woocommerce-Tabs-panel--description panel entry-content wc-tab\" role=\"tabpanel\" aria-labelledby=\"tab-title-description\"><p>Fa\u00efence murale en p\u00e2te blanche en 30\u00d790 avec relief.<br \/>La source d&#8217;inspiration de Fables est la boiserie, terme utilis\u00e9 pour d\u00e9finir les panneaux muraux en bois. Les boiseries \u00e9taient<br \/>tr\u00e8s populaire en France aux XVIIe et XVIIIe si\u00e8cles pour la d\u00e9coration int\u00e9rieure des palais et des h\u00f4tels particuliers.<br \/>Il existe de nombreux exemples de ce type de d\u00e9corations \u00e0 Versailles. Les panneaux \u00e9taient utilis\u00e9s non seulement pour d\u00e9corer les murs, mais aussi les portes et les cloisons. Fables apporte cet esprit d\u00e9coratif et \u00e9l\u00e9gant dans la maison.<\/p><\/div><\/div>","protected":false},"excerpt":{"rendered":"<p>Fa\u00efence murale en p\u00e2te blanche en 30\u00d790 avec relief.La source d&#8217;inspiration de Fables est la boiserie, terme utilis\u00e9 pour d\u00e9finir les panneaux muraux en bois. Les boiseries \u00e9taienttr\u00e8s populaire en France aux XVIIe et XVIIIe si\u00e8cles pour la d\u00e9coration int\u00e9rieure des palais et des h\u00f4tels particuliers.Il existe de nombreux exemples de ce type de d\u00e9corations [&hellip;]<\/p>\n","protected":false},"featured_media":520231,"comment_status":"closed","ping_status":"closed","template":"","meta":[],"product_brand":[],"product_cat":[358],"product_tag":[],"class_list":{"0":"post-527016","1":"product","2":"type-product","3":"status-publish","4":"has-post-thumbnail","6":"product_cat-non-categorise","8":"first","9":"outofstock","10":"shipping-taxable","11":"purchasable","12":"product-type-simple"},"_links":{"self":[{"href":"https:\/\/tilefly.com\/fr\/wp-json\/wp\/v2\/product\/527016","targetHints":{"allow":["GET"]}}],"collection":[{"href":"https:\/\/tilefly.com\/fr\/wp-json\/wp\/v2\/product"}],"about":[{"href":"https:\/\/tilefly.com\/fr\/wp-json\/wp\/v2\/types\/product"}],"replies":[{"embeddable":true,"href":"https:\/\/tilefly.com\/fr\/wp-json\/wp\/v2\/comments?post=527016"}],"wp:featuredmedia":[{"embeddable":true,"href":"https:\/\/tilefly.com\/fr\/wp-json\/wp\/v2\/media\/520231"}],"wp:attachment":[{"href":"https:\/\/tilefly.com\/fr\/wp-json\/wp\/v2\/media?parent=527016"}],"wp:term":[{"taxonomy":"product_brand","embeddable":true,"href":"https:\/\/tilefly.com\/fr\/wp-json\/wp\/v2\/product_brand?post=527016"},{"taxonomy":"product_cat","embeddable":true,"href":"https:\/\/tilefly.com\/fr\/wp-json\/wp\/v2\/product_cat?post=527016"},{"taxonomy":"product_tag","embeddable":true,"href":"https:\/\/tilefly.com\/fr\/wp-json\/wp\/v2\/product_tag?post=527016"}],"curies":[{"name":"wp","href":"https:\/\/api.w.org\/{rel}","templated":true}]}}