{"id":527010,"date":"2023-01-26T08:53:20","date_gmt":"2023-01-26T07:53:20","guid":{"rendered":"https:\/\/tilefly.com\/producto\/austral-ivory-mt-30x60\/"},"modified":"2024-04-26T17:41:16","modified_gmt":"2024-04-26T15:41:16","slug":"austral-ivory-mt-30x60","status":"publish","type":"product","link":"https:\/\/tilefly.com\/fr\/produit\/austral-ivory-mt-30x60\/","title":{"rendered":"AUSTRAL IVORY MT 30X60"},"content":{"rendered":"<h1><strong>Carreaux en gr\u00e8s c\u00e9rame \u00e9maill\u00e9 AUSTRAL IVORY MT 30X60<\/strong><\/h1><p>Ce carreau de la s\u00e9rie AUSTRAL au format 30X60 est un carreau de Porcelaine \u00e9maill\u00e9e de couleur Ivoire en finition mate.<\/p><h2>S\u00e9rie Austral<\/h2><p><a href=\"https:\/\/tilefly.com\/producto\/austral\/\">Austral<\/a> est une collection qui surprend \u00e0 l&#8217;\u0153il et au toucher, donnant une nouvelle perspective au monde des pierres c\u00e9ramiques. L&#8217;\u00e9l\u00e9gance se retrouve dans l&#8217;esth\u00e9tique graphique, avec des veines l\u00e9g\u00e8res qui se fondent dans un subtil fond granuleux. L&#8217;essence et la sensation du sable sont propos\u00e9es sous forme mat\u00e9rielle. Surfaces et jeux de lumi\u00e8re d\u00e9finissent un concept d\u00e9coratif de surfaces extraordinaires. Harmonieuse et concr\u00e8te, la terre renvoie \u00e0 un sentiment personnel et \u00e0 la force de la nature, \u00e0 travers cette pierre polyvalente aux couleurs naturelles.<\/p>","protected":false},"excerpt":{"rendered":"<p>Carreaux en gr\u00e8s c\u00e9rame \u00e9maill\u00e9 AUSTRAL IVORY MT 30X60Ce carreau de la s\u00e9rie AUSTRAL au format 30X60 est un carreau de Porcelaine \u00e9maill\u00e9e de couleur Ivoire en finition mate.S\u00e9rie AustralAustral est une collection qui surprend \u00e0 l&#8217;\u0153il et au toucher, donnant une nouvelle perspective au monde des pierres c\u00e9ramiques. L&#8217;\u00e9l\u00e9gance se retrouve dans l&#8217;esth\u00e9tique graphique, [&hellip;]<\/p>\n","protected":false},"featured_media":521089,"comment_status":"open","ping_status":"closed","template":"","meta":[],"product_brand":[],"product_cat":[353,355,356,354],"product_tag":[],"class_list":{"0":"post-527010","1":"product","2":"type-product","3":"status-publish","4":"has-post-thumbnail","6":"product_cat-carrelage","7":"product_cat-cuisines","8":"product_cat-faiences","9":"product_cat-carrelage-salle-de-bain","11":"first","12":"instock","13":"shipping-taxable","14":"purchasable","15":"product-type-simple"},"_links":{"self":[{"href":"https:\/\/tilefly.com\/fr\/wp-json\/wp\/v2\/product\/527010","targetHints":{"allow":["GET"]}}],"collection":[{"href":"https:\/\/tilefly.com\/fr\/wp-json\/wp\/v2\/product"}],"about":[{"href":"https:\/\/tilefly.com\/fr\/wp-json\/wp\/v2\/types\/product"}],"replies":[{"embeddable":true,"href":"https:\/\/tilefly.com\/fr\/wp-json\/wp\/v2\/comments?post=527010"}],"wp:featuredmedia":[{"embeddable":true,"href":"https:\/\/tilefly.com\/fr\/wp-json\/wp\/v2\/media\/521089"}],"wp:attachment":[{"href":"https:\/\/tilefly.com\/fr\/wp-json\/wp\/v2\/media?parent=527010"}],"wp:term":[{"taxonomy":"product_brand","embeddable":true,"href":"https:\/\/tilefly.com\/fr\/wp-json\/wp\/v2\/product_brand?post=527010"},{"taxonomy":"product_cat","embeddable":true,"href":"https:\/\/tilefly.com\/fr\/wp-json\/wp\/v2\/product_cat?post=527010"},{"taxonomy":"product_tag","embeddable":true,"href":"https:\/\/tilefly.com\/fr\/wp-json\/wp\/v2\/product_tag?post=527010"}],"curies":[{"name":"wp","href":"https:\/\/api.w.org\/{rel}","templated":true}]}}