{"id":526999,"date":"2023-01-26T09:19:17","date_gmt":"2023-01-26T08:19:17","guid":{"rendered":"https:\/\/tilefly.com\/producto\/plus-austral-grey-60x60-rect-20mm-inout\/"},"modified":"2024-04-26T17:41:11","modified_gmt":"2024-04-26T15:41:11","slug":"plus-austral-grey-60x60-rect-20mm-inout","status":"publish","type":"product","link":"https:\/\/tilefly.com\/fr\/produit\/plus-austral-grey-60x60-rect-20mm-inout\/","title":{"rendered":"PLUS AUSTRAL GREY 60X60 RECT (20MM) INOUT"},"content":{"rendered":"<h1><strong>Carreaux en Gr\u00e8s C\u00e9rame Mat PLUS AUSTRAL GREY 60X60 RECT (20MM) INOUT<\/strong><\/h1><p>Ce carreau de la s\u00e9rie AUSTRAL au format 60X60 est un carreau en gr\u00e8s c\u00e9rame \u00e9maill\u00e9 de couleur grise en finition mate.<\/p><p>Ce carreau est dot\u00e9 de la technologie INOUT, une caract\u00e9ristique du mat\u00e9riau qui le rend doux au toucher et antid\u00e9rapant entre C2-C3 et R10-R11, id\u00e9al pour une installation \u00e0 l&#8217;int\u00e9rieur et \u00e0 l&#8217;ext\u00e9rieur de la maison.<\/p><h2>S\u00e9rie Austral<\/h2><p><a href=\"https:\/\/tilefly.com\/producto\/austral\/\">Austral<\/a> est une collection qui surprend \u00e0 l&#8217;\u0153il et au toucher, donnant une nouvelle perspective au monde des pierres c\u00e9ramiques. L&#8217;\u00e9l\u00e9gance se retrouve dans l&#8217;esth\u00e9tique graphique, avec des veines l\u00e9g\u00e8res qui se fondent dans un subtil fond granuleux. L&#8217;essence et la sensation du sable sont propos\u00e9es sous forme mat\u00e9rielle. Surfaces et jeux de lumi\u00e8re d\u00e9finissent un concept d\u00e9coratif de surfaces extraordinaires. Harmonieuse et concr\u00e8te, la terre renvoie \u00e0 un sentiment personnel et \u00e0 la force de la nature, \u00e0 travers cette pierre polyvalente aux couleurs naturelles.<\/p>","protected":false},"excerpt":{"rendered":"<p>Carreaux en Gr\u00e8s C\u00e9rame Mat PLUS AUSTRAL GREY 60X60 RECT (20MM) INOUTCe carreau de la s\u00e9rie AUSTRAL au format 60X60 est un carreau en gr\u00e8s c\u00e9rame \u00e9maill\u00e9 de couleur grise en finition mate.Ce carreau est dot\u00e9 de la technologie INOUT, une caract\u00e9ristique du mat\u00e9riau qui le rend doux au toucher et antid\u00e9rapant entre C2-C3 et [&hellip;]<\/p>\n","protected":false},"featured_media":521258,"comment_status":"open","ping_status":"closed","template":"","meta":[],"product_brand":[],"product_cat":[353],"product_tag":[],"class_list":{"0":"post-526999","1":"product","2":"type-product","3":"status-publish","4":"has-post-thumbnail","6":"product_cat-carrelage","8":"first","9":"outofstock","10":"shipping-taxable","11":"purchasable","12":"product-type-simple"},"_links":{"self":[{"href":"https:\/\/tilefly.com\/fr\/wp-json\/wp\/v2\/product\/526999","targetHints":{"allow":["GET"]}}],"collection":[{"href":"https:\/\/tilefly.com\/fr\/wp-json\/wp\/v2\/product"}],"about":[{"href":"https:\/\/tilefly.com\/fr\/wp-json\/wp\/v2\/types\/product"}],"replies":[{"embeddable":true,"href":"https:\/\/tilefly.com\/fr\/wp-json\/wp\/v2\/comments?post=526999"}],"wp:featuredmedia":[{"embeddable":true,"href":"https:\/\/tilefly.com\/fr\/wp-json\/wp\/v2\/media\/521258"}],"wp:attachment":[{"href":"https:\/\/tilefly.com\/fr\/wp-json\/wp\/v2\/media?parent=526999"}],"wp:term":[{"taxonomy":"product_brand","embeddable":true,"href":"https:\/\/tilefly.com\/fr\/wp-json\/wp\/v2\/product_brand?post=526999"},{"taxonomy":"product_cat","embeddable":true,"href":"https:\/\/tilefly.com\/fr\/wp-json\/wp\/v2\/product_cat?post=526999"},{"taxonomy":"product_tag","embeddable":true,"href":"https:\/\/tilefly.com\/fr\/wp-json\/wp\/v2\/product_tag?post=526999"}],"curies":[{"name":"wp","href":"https:\/\/api.w.org\/{rel}","templated":true}]}}