{"id":526959,"date":"2023-02-03T16:18:15","date_gmt":"2023-02-03T15:18:15","guid":{"rendered":"https:\/\/tilefly.com\/producto\/civic-white-mt-23x120-rect-inout\/"},"modified":"2024-04-26T17:40:27","modified_gmt":"2024-04-26T15:40:27","slug":"civic-white-mt-23x120-rect-inout","status":"publish","type":"product","link":"https:\/\/tilefly.com\/fr\/produit\/civic-white-mt-23x120-rect-inout\/","title":{"rendered":"CIVIC WHITE MT 23X120 RECT INOUT"},"content":{"rendered":"<h1><strong>Gr\u00e8s c\u00e9rame \u00e9maill\u00e9 mat Civic White Mt 23X120 Rect Inout<\/strong><\/h1><p>Ce carreau de la s\u00e9rie Civic au format 23X120 est un gr\u00e8s c\u00e9rame \u00e9maill\u00e9 mat de couleur blanche en finition mate.<\/p><p>Ce carreau est dot\u00e9 de la technologie INOUT, une caract\u00e9ristique du mat\u00e9riau qui le rend doux au toucher et antid\u00e9rapant entre C2-C3 et R10-R11, id\u00e9al pour une installation \u00e0 l&#8217;int\u00e9rieur et \u00e0 l&#8217;ext\u00e9rieur de la maison.<\/p><h2>S\u00e9rie Civic<\/h2><p>Collection de carreaux imitation bois <a href=\"https:\/\/tilefly.com\/fr\/produit\/civic\/\">Civic<\/a><\/p><p>Cette s\u00e9rie offre un graphisme moderne, avec un toucher doux et une brillance incrust\u00e9e dans le grain de la texture qui la rend spectaculaire !<\/p><p>Il r\u00e9interpr\u00e8te le bois avec un graphisme moderne \u00e0 l&#8217;esth\u00e9tique lisse et lin\u00e9aire et une finition antid\u00e9rapante sans pr\u00e9c\u00e9dent au toucher doux, mais avec une brillance int\u00e9gr\u00e9e dans le grain. Deux \u00e2mes distinctes, \u00e9troitement li\u00e9es l&#8217;une \u00e0 l&#8217;autre, avec une forte vitalit\u00e9 capable d&#8217;apporter \u00e0 la maison la beaut\u00e9 vibrante de la nature, parfaite pour les environnements avec une touche simple et minimaliste, aussi bien \u00e0 l&#8217;int\u00e9rieur qu&#8217;\u00e0 l&#8217;ext\u00e9rieur de la maison.<\/p>","protected":false},"excerpt":{"rendered":"<p>Gr\u00e8s c\u00e9rame \u00e9maill\u00e9 mat Civic White Mt 23X120 Rect InoutCe carreau de la s\u00e9rie Civic au format 23X120 est un gr\u00e8s c\u00e9rame \u00e9maill\u00e9 mat de couleur blanche en finition mate.Ce carreau est dot\u00e9 de la technologie INOUT, une caract\u00e9ristique du mat\u00e9riau qui le rend doux au toucher et antid\u00e9rapant entre C2-C3 et R10-R11, id\u00e9al pour [&hellip;]<\/p>\n","protected":false},"featured_media":521909,"comment_status":"open","ping_status":"closed","template":"","meta":[],"product_brand":[],"product_cat":[353,355,356,354],"product_tag":[],"class_list":{"0":"post-526959","1":"product","2":"type-product","3":"status-publish","4":"has-post-thumbnail","6":"product_cat-carrelage","7":"product_cat-cuisines","8":"product_cat-faiences","9":"product_cat-carrelage-salle-de-bain","11":"first","12":"outofstock","13":"shipping-taxable","14":"purchasable","15":"product-type-simple"},"_links":{"self":[{"href":"https:\/\/tilefly.com\/fr\/wp-json\/wp\/v2\/product\/526959","targetHints":{"allow":["GET"]}}],"collection":[{"href":"https:\/\/tilefly.com\/fr\/wp-json\/wp\/v2\/product"}],"about":[{"href":"https:\/\/tilefly.com\/fr\/wp-json\/wp\/v2\/types\/product"}],"replies":[{"embeddable":true,"href":"https:\/\/tilefly.com\/fr\/wp-json\/wp\/v2\/comments?post=526959"}],"wp:featuredmedia":[{"embeddable":true,"href":"https:\/\/tilefly.com\/fr\/wp-json\/wp\/v2\/media\/521909"}],"wp:attachment":[{"href":"https:\/\/tilefly.com\/fr\/wp-json\/wp\/v2\/media?parent=526959"}],"wp:term":[{"taxonomy":"product_brand","embeddable":true,"href":"https:\/\/tilefly.com\/fr\/wp-json\/wp\/v2\/product_brand?post=526959"},{"taxonomy":"product_cat","embeddable":true,"href":"https:\/\/tilefly.com\/fr\/wp-json\/wp\/v2\/product_cat?post=526959"},{"taxonomy":"product_tag","embeddable":true,"href":"https:\/\/tilefly.com\/fr\/wp-json\/wp\/v2\/product_tag?post=526959"}],"curies":[{"name":"wp","href":"https:\/\/api.w.org\/{rel}","templated":true}]}}