{"id":526955,"date":"2023-02-06T19:12:18","date_gmt":"2023-02-06T18:12:18","guid":{"rendered":"https:\/\/tilefly.com\/producto\/bellevue-grey-light-mt-30x60\/"},"modified":"2024-04-26T17:40:26","modified_gmt":"2024-04-26T15:40:26","slug":"bellevue-grey-light-mt-30x60","status":"publish","type":"product","link":"https:\/\/tilefly.com\/fr\/produit\/bellevue-grey-light-mt-30x60\/","title":{"rendered":"BELLEVUE GREY LIGHT MT 30X60"},"content":{"rendered":"<h1><strong>Bellevue Gris Light Mt 30X60 Carreaux de rev\u00eatement de carrosserie rouge 30X60<\/strong><\/h1><p>Ce carreau de la s\u00e9rie Bellevue au format 30X60 est un carreau \u00e0 p\u00e2te rouge de couleur grise avec une finition mate.<\/p><h2>S\u00e9rie Bellevue<\/h2><p>Collection de carreaux imitation pierre <a href=\"https:\/\/tilefly.com\/producto\/bellevue\/\">Bellevue<\/a><\/p><p>L&#8217;\u00e9l\u00e9gance raffin\u00e9e de la pierre prend vie dans un environnement plein de beaut\u00e9 visuelle !<\/p><p>La collection fait r\u00e9f\u00e9rence \u00e0 la pierre naturelle de Burlington mais ramen\u00e9e au minimalisme. Fond compact avec des mouvements subtils qui lui donnent du dynamisme et des veines fines des meilleures coupes. Il suscite des \u00e9motions et communique la passion. Un design intemporel qui se distingue par sa simplicit\u00e9, car il ne domine pas les espaces, mais laisse les personnalit\u00e9s s&#8217;exprimer.<\/p>","protected":false},"excerpt":{"rendered":"<p>Bellevue Gris Light Mt 30X60 Carreaux de rev\u00eatement de carrosserie rouge 30X60Ce carreau de la s\u00e9rie Bellevue au format 30X60 est un carreau \u00e0 p\u00e2te rouge de couleur grise avec une finition mate.S\u00e9rie BellevueCollection de carreaux imitation pierre BellevueL&#8217;\u00e9l\u00e9gance raffin\u00e9e de la pierre prend vie dans un environnement plein de beaut\u00e9 visuelle !La collection fait [&hellip;]<\/p>\n","protected":false},"featured_media":522110,"comment_status":"open","ping_status":"closed","template":"","meta":[],"product_brand":[],"product_cat":[355,356,354],"product_tag":[],"class_list":{"0":"post-526955","1":"product","2":"type-product","3":"status-publish","4":"has-post-thumbnail","6":"product_cat-cuisines","7":"product_cat-faiences","8":"product_cat-carrelage-salle-de-bain","10":"first","11":"instock","12":"shipping-taxable","13":"purchasable","14":"product-type-simple"},"_links":{"self":[{"href":"https:\/\/tilefly.com\/fr\/wp-json\/wp\/v2\/product\/526955","targetHints":{"allow":["GET"]}}],"collection":[{"href":"https:\/\/tilefly.com\/fr\/wp-json\/wp\/v2\/product"}],"about":[{"href":"https:\/\/tilefly.com\/fr\/wp-json\/wp\/v2\/types\/product"}],"replies":[{"embeddable":true,"href":"https:\/\/tilefly.com\/fr\/wp-json\/wp\/v2\/comments?post=526955"}],"wp:featuredmedia":[{"embeddable":true,"href":"https:\/\/tilefly.com\/fr\/wp-json\/wp\/v2\/media\/522110"}],"wp:attachment":[{"href":"https:\/\/tilefly.com\/fr\/wp-json\/wp\/v2\/media?parent=526955"}],"wp:term":[{"taxonomy":"product_brand","embeddable":true,"href":"https:\/\/tilefly.com\/fr\/wp-json\/wp\/v2\/product_brand?post=526955"},{"taxonomy":"product_cat","embeddable":true,"href":"https:\/\/tilefly.com\/fr\/wp-json\/wp\/v2\/product_cat?post=526955"},{"taxonomy":"product_tag","embeddable":true,"href":"https:\/\/tilefly.com\/fr\/wp-json\/wp\/v2\/product_tag?post=526955"}],"curies":[{"name":"wp","href":"https:\/\/api.w.org\/{rel}","templated":true}]}}