{"id":526952,"date":"2023-02-06T19:12:29","date_gmt":"2023-02-06T18:12:29","guid":{"rendered":"https:\/\/tilefly.com\/producto\/bellevue-ivory-light-mt-30x60\/"},"modified":"2024-04-26T17:40:13","modified_gmt":"2024-04-26T15:40:13","slug":"bellevue-ivory-light-mt-30x60","status":"publish","type":"product","link":"https:\/\/tilefly.com\/fr\/produit\/bellevue-ivory-light-mt-30x60\/","title":{"rendered":"BELLEVUE IVORY LIGHT MT 30X60"},"content":{"rendered":"<h1><strong>Bellevue Ivory Fa\u00efence en p\u00e2te rouge clair Carreaux Mt 30X60<\/strong><\/h1><p>Cette tuile de la s\u00e9rie Bellevue au format 30X60 est une tuile de rev\u00eatement de corps rouge de couleur beige avec une finition mate.<\/p><h2>S\u00e9rie Bellevue<\/h2><p>Collection de carreaux imitation pierre <a href=\"https:\/\/tilefly.com\/producto\/bellevue\/\">Bellevue<\/a><\/p><p>L&#8217;\u00e9l\u00e9gance raffin\u00e9e de la pierre prend vie dans un environnement plein de beaut\u00e9 visuelle !<\/p><p>La collection fait r\u00e9f\u00e9rence \u00e0 la pierre naturelle de Burlington mais ramen\u00e9e au minimalisme. Fond compact avec des mouvements subtils qui lui donnent du dynamisme et des veines fines des meilleures coupes. Il suscite des \u00e9motions et communique la passion. Un design intemporel qui se distingue par sa simplicit\u00e9, car il ne domine pas les espaces, mais laisse les personnalit\u00e9s s&#8217;exprimer.<\/p>","protected":false},"excerpt":{"rendered":"<p>Bellevue Ivory Fa\u00efence en p\u00e2te rouge clair Carreaux Mt 30X60Cette tuile de la s\u00e9rie Bellevue au format 30X60 est une tuile de rev\u00eatement de corps rouge de couleur beige avec une finition mate.S\u00e9rie BellevueCollection de carreaux imitation pierre BellevueL&#8217;\u00e9l\u00e9gance raffin\u00e9e de la pierre prend vie dans un environnement plein de beaut\u00e9 visuelle !La collection fait [&hellip;]<\/p>\n","protected":false},"featured_media":522123,"comment_status":"open","ping_status":"closed","template":"","meta":[],"product_brand":[],"product_cat":[355,356,354],"product_tag":[],"class_list":{"0":"post-526952","1":"product","2":"type-product","3":"status-publish","4":"has-post-thumbnail","6":"product_cat-cuisines","7":"product_cat-faiences","8":"product_cat-carrelage-salle-de-bain","10":"first","11":"instock","12":"shipping-taxable","13":"purchasable","14":"product-type-simple"},"_links":{"self":[{"href":"https:\/\/tilefly.com\/fr\/wp-json\/wp\/v2\/product\/526952","targetHints":{"allow":["GET"]}}],"collection":[{"href":"https:\/\/tilefly.com\/fr\/wp-json\/wp\/v2\/product"}],"about":[{"href":"https:\/\/tilefly.com\/fr\/wp-json\/wp\/v2\/types\/product"}],"replies":[{"embeddable":true,"href":"https:\/\/tilefly.com\/fr\/wp-json\/wp\/v2\/comments?post=526952"}],"wp:featuredmedia":[{"embeddable":true,"href":"https:\/\/tilefly.com\/fr\/wp-json\/wp\/v2\/media\/522123"}],"wp:attachment":[{"href":"https:\/\/tilefly.com\/fr\/wp-json\/wp\/v2\/media?parent=526952"}],"wp:term":[{"taxonomy":"product_brand","embeddable":true,"href":"https:\/\/tilefly.com\/fr\/wp-json\/wp\/v2\/product_brand?post=526952"},{"taxonomy":"product_cat","embeddable":true,"href":"https:\/\/tilefly.com\/fr\/wp-json\/wp\/v2\/product_cat?post=526952"},{"taxonomy":"product_tag","embeddable":true,"href":"https:\/\/tilefly.com\/fr\/wp-json\/wp\/v2\/product_tag?post=526952"}],"curies":[{"name":"wp","href":"https:\/\/api.w.org\/{rel}","templated":true}]}}