{"id":526942,"date":"2023-02-06T19:29:02","date_gmt":"2023-02-06T18:29:02","guid":{"rendered":"https:\/\/tilefly.com\/producto\/bellevue-grey-mt-75x75-rect-inout\/"},"modified":"2024-04-26T17:40:09","modified_gmt":"2024-04-26T15:40:09","slug":"bellevue-grey-mt-75x75-rect-inout","status":"publish","type":"product","link":"https:\/\/tilefly.com\/fr\/produit\/bellevue-grey-mt-75x75-rect-inout\/","title":{"rendered":"BELLEVUE GREY MT 75X75 RECT INOUT"},"content":{"rendered":"<h1><strong>Carreaux en gr\u00e8s c\u00e9rame \u00e9maill\u00e9 gris mat Bellevue Mt 75X75 Rect Inout<\/strong><\/h1><p>Ce carreau de la s\u00e9rie Bellevue au format 75X75 est un carreau en gr\u00e8s c\u00e9rame \u00e9maill\u00e9 de couleur grise en finition mate.<\/p><p>Ce carreau est dot\u00e9 de la technologie INOUT, une caract\u00e9ristique du mat\u00e9riau qui le rend doux au toucher et antid\u00e9rapant entre C2-C3 et R10-R11, id\u00e9al pour une installation \u00e0 l&#8217;int\u00e9rieur et \u00e0 l&#8217;ext\u00e9rieur de la maison.<\/p><h2>S\u00e9rie Bellevue<\/h2><p>Collection de carreaux imitation pierre <a href=\"https:\/\/tilefly.com\/producto\/bellevue\/\">Bellevue<\/a><\/p><p>L&#8217;\u00e9l\u00e9gance raffin\u00e9e de la pierre prend vie dans un environnement plein de beaut\u00e9 visuelle !<\/p><p>La collection fait r\u00e9f\u00e9rence \u00e0 la pierre naturelle de Burlington mais ramen\u00e9e au minimalisme. Fond compact avec des mouvements subtils qui lui donnent du dynamisme et des veines fines des meilleures coupes. Il suscite des \u00e9motions et communique la passion. Un design intemporel qui se distingue par sa simplicit\u00e9, car il ne domine pas les espaces, mais laisse les personnalit\u00e9s s&#8217;exprimer.<\/p>","protected":false},"excerpt":{"rendered":"<p>Carreaux en gr\u00e8s c\u00e9rame \u00e9maill\u00e9 gris mat Bellevue Mt 75X75 Rect InoutCe carreau de la s\u00e9rie Bellevue au format 75X75 est un carreau en gr\u00e8s c\u00e9rame \u00e9maill\u00e9 de couleur grise en finition mate.Ce carreau est dot\u00e9 de la technologie INOUT, une caract\u00e9ristique du mat\u00e9riau qui le rend doux au toucher et antid\u00e9rapant entre C2-C3 et [&hellip;]<\/p>\n","protected":false},"featured_media":522344,"comment_status":"open","ping_status":"closed","template":"","meta":[],"product_brand":[],"product_cat":[353,355,356,354],"product_tag":[],"class_list":{"0":"post-526942","1":"product","2":"type-product","3":"status-publish","4":"has-post-thumbnail","6":"product_cat-carrelage","7":"product_cat-cuisines","8":"product_cat-faiences","9":"product_cat-carrelage-salle-de-bain","11":"first","12":"instock","13":"shipping-taxable","14":"purchasable","15":"product-type-simple"},"_links":{"self":[{"href":"https:\/\/tilefly.com\/fr\/wp-json\/wp\/v2\/product\/526942","targetHints":{"allow":["GET"]}}],"collection":[{"href":"https:\/\/tilefly.com\/fr\/wp-json\/wp\/v2\/product"}],"about":[{"href":"https:\/\/tilefly.com\/fr\/wp-json\/wp\/v2\/types\/product"}],"replies":[{"embeddable":true,"href":"https:\/\/tilefly.com\/fr\/wp-json\/wp\/v2\/comments?post=526942"}],"wp:featuredmedia":[{"embeddable":true,"href":"https:\/\/tilefly.com\/fr\/wp-json\/wp\/v2\/media\/522344"}],"wp:attachment":[{"href":"https:\/\/tilefly.com\/fr\/wp-json\/wp\/v2\/media?parent=526942"}],"wp:term":[{"taxonomy":"product_brand","embeddable":true,"href":"https:\/\/tilefly.com\/fr\/wp-json\/wp\/v2\/product_brand?post=526942"},{"taxonomy":"product_cat","embeddable":true,"href":"https:\/\/tilefly.com\/fr\/wp-json\/wp\/v2\/product_cat?post=526942"},{"taxonomy":"product_tag","embeddable":true,"href":"https:\/\/tilefly.com\/fr\/wp-json\/wp\/v2\/product_tag?post=526942"}],"curies":[{"name":"wp","href":"https:\/\/api.w.org\/{rel}","templated":true}]}}