{"id":526913,"date":"2023-02-06T19:58:25","date_gmt":"2023-02-06T18:58:25","guid":{"rendered":"https:\/\/tilefly.com\/producto\/bellevue-white-light-333x90-rect\/"},"modified":"2024-04-26T17:39:42","modified_gmt":"2024-04-26T15:39:42","slug":"bellevue-white-light-333x90-rect","status":"publish","type":"product","link":"https:\/\/tilefly.com\/fr\/produit\/bellevue-white-light-333x90-rect\/","title":{"rendered":"BELLEVUE WHITE LIGHT 33,3X90 RECT"},"content":{"rendered":"<h1><strong>Bellevue White Light 33,3X90 Carreaux de fa\u00efence murale en p\u00e2te blanche<\/strong><\/h1><p>Ce carreau de la s\u00e9rie Bellevue au format 33,3X90 est un Fa\u00efence corps blanc de couleur blanche avec une finition mate.<\/p><h2>S\u00e9rie Bellevue<\/h2><p>Collection de carreaux imitation pierre <a href=\"https:\/\/tilefly.com\/producto\/bellevue\/\">Bellevue<\/a><\/p><p>L&#8217;\u00e9l\u00e9gance raffin\u00e9e de la pierre prend vie dans un environnement plein de beaut\u00e9 visuelle !<\/p><p>La collection fait r\u00e9f\u00e9rence \u00e0 la pierre naturelle de Burlington mais ramen\u00e9e au minimalisme. Fond compact avec des mouvements subtils qui lui donnent du dynamisme et des veines fines des meilleures coupes. Il suscite des \u00e9motions et communique la passion. Un design intemporel qui se distingue par sa simplicit\u00e9, car il ne domine pas les espaces, mais laisse les personnalit\u00e9s s&#8217;exprimer.<\/p>","protected":false},"excerpt":{"rendered":"<p>Bellevue White Light 33,3X90 Carreaux de fa\u00efence murale en p\u00e2te blancheCe carreau de la s\u00e9rie Bellevue au format 33,3X90 est un Fa\u00efence corps blanc de couleur blanche avec une finition mate.S\u00e9rie BellevueCollection de carreaux imitation pierre BellevueL&#8217;\u00e9l\u00e9gance raffin\u00e9e de la pierre prend vie dans un environnement plein de beaut\u00e9 visuelle !La collection fait r\u00e9f\u00e9rence \u00e0 [&hellip;]<\/p>\n","protected":false},"featured_media":522753,"comment_status":"open","ping_status":"closed","template":"","meta":[],"product_brand":[],"product_cat":[353],"product_tag":[],"class_list":{"0":"post-526913","1":"product","2":"type-product","3":"status-publish","4":"has-post-thumbnail","6":"product_cat-carrelage","8":"first","9":"instock","10":"shipping-taxable","11":"purchasable","12":"product-type-simple"},"_links":{"self":[{"href":"https:\/\/tilefly.com\/fr\/wp-json\/wp\/v2\/product\/526913","targetHints":{"allow":["GET"]}}],"collection":[{"href":"https:\/\/tilefly.com\/fr\/wp-json\/wp\/v2\/product"}],"about":[{"href":"https:\/\/tilefly.com\/fr\/wp-json\/wp\/v2\/types\/product"}],"replies":[{"embeddable":true,"href":"https:\/\/tilefly.com\/fr\/wp-json\/wp\/v2\/comments?post=526913"}],"wp:featuredmedia":[{"embeddable":true,"href":"https:\/\/tilefly.com\/fr\/wp-json\/wp\/v2\/media\/522753"}],"wp:attachment":[{"href":"https:\/\/tilefly.com\/fr\/wp-json\/wp\/v2\/media?parent=526913"}],"wp:term":[{"taxonomy":"product_brand","embeddable":true,"href":"https:\/\/tilefly.com\/fr\/wp-json\/wp\/v2\/product_brand?post=526913"},{"taxonomy":"product_cat","embeddable":true,"href":"https:\/\/tilefly.com\/fr\/wp-json\/wp\/v2\/product_cat?post=526913"},{"taxonomy":"product_tag","embeddable":true,"href":"https:\/\/tilefly.com\/fr\/wp-json\/wp\/v2\/product_tag?post=526913"}],"curies":[{"name":"wp","href":"https:\/\/api.w.org\/{rel}","templated":true}]}}