{"id":526908,"date":"2023-03-20T11:47:07","date_gmt":"2023-03-20T10:47:07","guid":{"rendered":"https:\/\/tilefly.com\/producto\/creta-20x20\/"},"modified":"2024-04-26T17:39:29","modified_gmt":"2024-04-26T15:39:29","slug":"creta-20x20","status":"publish","type":"product","link":"https:\/\/tilefly.com\/fr\/produit\/creta-20x20\/","title":{"rendered":"CRETA 20X20"},"content":{"rendered":"<h2>Carreaux modernes d&#8217;inspiration hydraulique, en 20&#215;20 cm, avec un motif insouciant de demi-cercles inspir\u00e9 des tendances r\u00e9tro dans des tons d&#8217;aigue-marine, de bleu marine, de jaune et de blanc.<\/h2><p>Avec la lumi\u00e8re et la fra\u00eecheur des \u00eeles grecques, DORIA actualise les designs r\u00e9tro, en apportant de nouvelles formes et couleurs qui renforcent l&#8217;\u00e9nergie de l&#8217;espace. DORIA est un dialogue de tons solides et vibrants, o\u00f9 la moutarde, l&#8217;aquamarine et la marine jouent sur un fond blanc \u00e9clatant, teint\u00e9 de touches de gris et de noir. Une proposition forte qui donnera de la vie \u00e0 votre nouvel espace.<\/p><ul><li>Sol et mur<\/li><li>Int\u00e9rieur et ext\u00e9rieur<\/li><li>Lisse et antid\u00e9rapant<\/li><\/ul>","protected":false},"excerpt":{"rendered":"<p>Carreaux modernes d&#8217;inspiration hydraulique, en 20&#215;20 cm, avec un motif insouciant de demi-cercles inspir\u00e9 des tendances r\u00e9tro dans des tons d&#8217;aigue-marine, de bleu marine, de jaune et de blanc.Avec la lumi\u00e8re et la fra\u00eecheur des \u00eeles grecques, DORIA actualise les designs r\u00e9tro, en apportant de nouvelles formes et couleurs qui renforcent l&#8217;\u00e9nergie de l&#8217;espace. DORIA [&hellip;]<\/p>\n","protected":false},"featured_media":523045,"comment_status":"closed","ping_status":"closed","template":"","meta":[],"product_brand":[],"product_cat":[353,355,356,354,357],"product_tag":[],"class_list":{"0":"post-526908","1":"product","2":"type-product","3":"status-publish","4":"has-post-thumbnail","6":"product_cat-carrelage","7":"product_cat-cuisines","8":"product_cat-faiences","9":"product_cat-carrelage-salle-de-bain","10":"product_cat-carrelage-salon","12":"first","13":"instock","14":"shipping-taxable","15":"purchasable","16":"product-type-simple"},"_links":{"self":[{"href":"https:\/\/tilefly.com\/fr\/wp-json\/wp\/v2\/product\/526908","targetHints":{"allow":["GET"]}}],"collection":[{"href":"https:\/\/tilefly.com\/fr\/wp-json\/wp\/v2\/product"}],"about":[{"href":"https:\/\/tilefly.com\/fr\/wp-json\/wp\/v2\/types\/product"}],"replies":[{"embeddable":true,"href":"https:\/\/tilefly.com\/fr\/wp-json\/wp\/v2\/comments?post=526908"}],"wp:featuredmedia":[{"embeddable":true,"href":"https:\/\/tilefly.com\/fr\/wp-json\/wp\/v2\/media\/523045"}],"wp:attachment":[{"href":"https:\/\/tilefly.com\/fr\/wp-json\/wp\/v2\/media?parent=526908"}],"wp:term":[{"taxonomy":"product_brand","embeddable":true,"href":"https:\/\/tilefly.com\/fr\/wp-json\/wp\/v2\/product_brand?post=526908"},{"taxonomy":"product_cat","embeddable":true,"href":"https:\/\/tilefly.com\/fr\/wp-json\/wp\/v2\/product_cat?post=526908"},{"taxonomy":"product_tag","embeddable":true,"href":"https:\/\/tilefly.com\/fr\/wp-json\/wp\/v2\/product_tag?post=526908"}],"curies":[{"name":"wp","href":"https:\/\/api.w.org\/{rel}","templated":true}]}}