{"id":526900,"date":"2023-02-10T16:50:11","date_gmt":"2023-02-10T15:50:11","guid":{"rendered":"https:\/\/tilefly.com\/producto\/andros-blanco-br-25x50\/"},"modified":"2024-04-26T17:39:27","modified_gmt":"2024-04-26T15:39:27","slug":"andros-blanco-br-25x50","status":"publish","type":"product","link":"https:\/\/tilefly.com\/fr\/produit\/andros-blanco-br-25x50\/","title":{"rendered":"ANDROS BLANCO BR 25X50"},"content":{"rendered":"<div class=\"woocommerce-tabs wc-tabs-wrapper\"><div id=\"tab-description\" class=\"woocommerce-Tabs-panel woocommerce-Tabs-panel--description panel entry-content wc-tab\" role=\"tabpanel\" aria-labelledby=\"tab-title-description\"><p>Ce Carreaux en p\u00e2te rouge de la s\u00e9rie Andros est un carrelage mural \u00e9conomique id\u00e9al pour les zones non humides, avec une texture imitant le marbre et une finition brillante en format 25X50 centim\u00e8tres.<\/p><\/div><\/div>","protected":false},"excerpt":{"rendered":"<p>Ce Carreaux en p\u00e2te rouge de la s\u00e9rie Andros est un carrelage mural \u00e9conomique id\u00e9al pour les zones non humides, avec une texture imitant le marbre et une finition brillante en format 25X50 centim\u00e8tres.<\/p>\n","protected":false},"featured_media":522836,"comment_status":"closed","ping_status":"closed","template":"","meta":[],"product_brand":[],"product_cat":[355,356,354],"product_tag":[],"class_list":{"0":"post-526900","1":"product","2":"type-product","3":"status-publish","4":"has-post-thumbnail","6":"product_cat-cuisines","7":"product_cat-faiences","8":"product_cat-carrelage-salle-de-bain","10":"first","11":"instock","12":"shipping-taxable","13":"purchasable","14":"product-type-simple"},"_links":{"self":[{"href":"https:\/\/tilefly.com\/fr\/wp-json\/wp\/v2\/product\/526900","targetHints":{"allow":["GET"]}}],"collection":[{"href":"https:\/\/tilefly.com\/fr\/wp-json\/wp\/v2\/product"}],"about":[{"href":"https:\/\/tilefly.com\/fr\/wp-json\/wp\/v2\/types\/product"}],"replies":[{"embeddable":true,"href":"https:\/\/tilefly.com\/fr\/wp-json\/wp\/v2\/comments?post=526900"}],"wp:featuredmedia":[{"embeddable":true,"href":"https:\/\/tilefly.com\/fr\/wp-json\/wp\/v2\/media\/522836"}],"wp:attachment":[{"href":"https:\/\/tilefly.com\/fr\/wp-json\/wp\/v2\/media?parent=526900"}],"wp:term":[{"taxonomy":"product_brand","embeddable":true,"href":"https:\/\/tilefly.com\/fr\/wp-json\/wp\/v2\/product_brand?post=526900"},{"taxonomy":"product_cat","embeddable":true,"href":"https:\/\/tilefly.com\/fr\/wp-json\/wp\/v2\/product_cat?post=526900"},{"taxonomy":"product_tag","embeddable":true,"href":"https:\/\/tilefly.com\/fr\/wp-json\/wp\/v2\/product_tag?post=526900"}],"curies":[{"name":"wp","href":"https:\/\/api.w.org\/{rel}","templated":true}]}}