{"id":526899,"date":"2023-03-20T11:49:01","date_gmt":"2023-03-20T10:49:01","guid":{"rendered":"https:\/\/tilefly.com\/producto\/milos-20x20\/"},"modified":"2024-04-26T17:39:26","modified_gmt":"2024-04-26T15:39:26","slug":"milos-20x20","status":"publish","type":"product","link":"https:\/\/tilefly.com\/fr\/produit\/milos-20x20\/","title":{"rendered":"MILOS 20X20"},"content":{"rendered":"<h2>Carreaux modernes d&#8217;inspiration hydraulique, en 20&#215;20 cm, avec un motif classique mais r\u00e9nov\u00e9 dans les tons aigue-marine, blanc et noir.<\/h2><p>Avec la lumi\u00e8re et la fra\u00eecheur des \u00eeles grecques, DORIA actualise les designs r\u00e9tro, en apportant de nouvelles formes et couleurs qui renforcent l&#8217;\u00e9nergie de l&#8217;espace. DORIA est un dialogue de tons solides et vibrants, o\u00f9 la moutarde, l&#8217;aquamarine et la marine jouent sur un fond blanc \u00e9clatant, teint\u00e9 de touches de gris et de noir. Une proposition forte qui donnera de la vie \u00e0 votre nouvel espace.<\/p><ul><li>Sol et mur<\/li><li>Int\u00e9rieur et ext\u00e9rieur<\/li><li>Lisse et antid\u00e9rapant<\/li><\/ul>","protected":false},"excerpt":{"rendered":"<p>Carreaux modernes d&#8217;inspiration hydraulique, en 20&#215;20 cm, avec un motif classique mais r\u00e9nov\u00e9 dans les tons aigue-marine, blanc et noir.Avec la lumi\u00e8re et la fra\u00eecheur des \u00eeles grecques, DORIA actualise les designs r\u00e9tro, en apportant de nouvelles formes et couleurs qui renforcent l&#8217;\u00e9nergie de l&#8217;espace. DORIA est un dialogue de tons solides et vibrants, o\u00f9 [&hellip;]<\/p>\n","protected":false},"featured_media":523071,"comment_status":"closed","ping_status":"closed","template":"","meta":[],"product_brand":[],"product_cat":[353,355,356,354,357],"product_tag":[],"class_list":{"0":"post-526899","1":"product","2":"type-product","3":"status-publish","4":"has-post-thumbnail","6":"product_cat-carrelage","7":"product_cat-cuisines","8":"product_cat-faiences","9":"product_cat-carrelage-salle-de-bain","10":"product_cat-carrelage-salon","12":"first","13":"outofstock","14":"shipping-taxable","15":"purchasable","16":"product-type-simple"},"_links":{"self":[{"href":"https:\/\/tilefly.com\/fr\/wp-json\/wp\/v2\/product\/526899","targetHints":{"allow":["GET"]}}],"collection":[{"href":"https:\/\/tilefly.com\/fr\/wp-json\/wp\/v2\/product"}],"about":[{"href":"https:\/\/tilefly.com\/fr\/wp-json\/wp\/v2\/types\/product"}],"replies":[{"embeddable":true,"href":"https:\/\/tilefly.com\/fr\/wp-json\/wp\/v2\/comments?post=526899"}],"wp:featuredmedia":[{"embeddable":true,"href":"https:\/\/tilefly.com\/fr\/wp-json\/wp\/v2\/media\/523071"}],"wp:attachment":[{"href":"https:\/\/tilefly.com\/fr\/wp-json\/wp\/v2\/media?parent=526899"}],"wp:term":[{"taxonomy":"product_brand","embeddable":true,"href":"https:\/\/tilefly.com\/fr\/wp-json\/wp\/v2\/product_brand?post=526899"},{"taxonomy":"product_cat","embeddable":true,"href":"https:\/\/tilefly.com\/fr\/wp-json\/wp\/v2\/product_cat?post=526899"},{"taxonomy":"product_tag","embeddable":true,"href":"https:\/\/tilefly.com\/fr\/wp-json\/wp\/v2\/product_tag?post=526899"}],"curies":[{"name":"wp","href":"https:\/\/api.w.org\/{rel}","templated":true}]}}