{"id":526897,"date":"2023-02-13T10:21:32","date_gmt":"2023-02-13T09:21:32","guid":{"rendered":"https:\/\/tilefly.com\/producto\/torello-negro-2x20-1\/"},"modified":"2024-04-26T17:39:25","modified_gmt":"2024-04-26T15:39:25","slug":"torello-negro-2x20-1","status":"publish","type":"product","link":"https:\/\/tilefly.com\/fr\/produit\/torello-negro-2x20-1\/","title":{"rendered":"TORELLO NEGRO 2X20 1"},"content":{"rendered":"<h1><strong>Carreaux en p\u00e2te rouge TORELLO BLACK 2X20 1<\/strong><\/h1><p>Ce carreau Pasta Roja au format cm, \u00e0 la finition brillante et au coloris Noir \/ Fonc\u00e9 est parfait pour votre int\u00e9rieur. Sa mati\u00e8re premi\u00e8re est la p\u00e2te rouge.<\/p><p>Particularit\u00e9s : monocolore<\/p>","protected":false},"excerpt":{"rendered":"<p>Carreaux en p\u00e2te rouge TORELLO BLACK 2X20 1Ce carreau Pasta Roja au format cm, \u00e0 la finition brillante et au coloris Noir \/ Fonc\u00e9 est parfait pour votre int\u00e9rieur. Sa mati\u00e8re premi\u00e8re est la p\u00e2te rouge.Particularit\u00e9s : monocolore<\/p>\n","protected":false},"featured_media":522856,"comment_status":"closed","ping_status":"closed","template":"","meta":[],"product_brand":[],"product_cat":[355,356,354,357],"product_tag":[],"class_list":{"0":"post-526897","1":"product","2":"type-product","3":"status-publish","4":"has-post-thumbnail","6":"product_cat-cuisines","7":"product_cat-faiences","8":"product_cat-carrelage-salle-de-bain","9":"product_cat-carrelage-salon","11":"first","12":"instock","13":"shipping-taxable","14":"purchasable","15":"product-type-simple"},"_links":{"self":[{"href":"https:\/\/tilefly.com\/fr\/wp-json\/wp\/v2\/product\/526897","targetHints":{"allow":["GET"]}}],"collection":[{"href":"https:\/\/tilefly.com\/fr\/wp-json\/wp\/v2\/product"}],"about":[{"href":"https:\/\/tilefly.com\/fr\/wp-json\/wp\/v2\/types\/product"}],"replies":[{"embeddable":true,"href":"https:\/\/tilefly.com\/fr\/wp-json\/wp\/v2\/comments?post=526897"}],"wp:featuredmedia":[{"embeddable":true,"href":"https:\/\/tilefly.com\/fr\/wp-json\/wp\/v2\/media\/522856"}],"wp:attachment":[{"href":"https:\/\/tilefly.com\/fr\/wp-json\/wp\/v2\/media?parent=526897"}],"wp:term":[{"taxonomy":"product_brand","embeddable":true,"href":"https:\/\/tilefly.com\/fr\/wp-json\/wp\/v2\/product_brand?post=526897"},{"taxonomy":"product_cat","embeddable":true,"href":"https:\/\/tilefly.com\/fr\/wp-json\/wp\/v2\/product_cat?post=526897"},{"taxonomy":"product_tag","embeddable":true,"href":"https:\/\/tilefly.com\/fr\/wp-json\/wp\/v2\/product_tag?post=526897"}],"curies":[{"name":"wp","href":"https:\/\/api.w.org\/{rel}","templated":true}]}}