{"id":526891,"date":"2023-03-22T16:18:19","date_gmt":"2023-03-22T15:18:19","guid":{"rendered":"https:\/\/tilefly.com\/producto\/boqueria-20x20\/"},"modified":"2024-04-26T17:38:25","modified_gmt":"2024-04-26T15:38:25","slug":"boqueria-20x20","status":"publish","type":"product","link":"https:\/\/tilefly.com\/fr\/produit\/boqueria-20x20\/","title":{"rendered":"BOQUERIA 20&#215;20"},"content":{"rendered":"<h2>Carreaux en gr\u00e8s c\u00e9rame \u00e0 l&#8217;aspect hydraulique, format 20\u00d720cm, avec un motif floral moderne dans les tons gris, terre, blanc et noir.<\/h2><p>Inspir\u00e9e par l&#8217;univers de l&#8217;architecte embl\u00e9matique mondialement connu, GAUD\u00cd est une s\u00e9rie de carreaux hydrauliques qui associe ses motifs d\u00e9coratifs hypnotiques \u00e0 une palette de couleurs intenses. Cette s\u00e9rie promet de vous transporter dans l&#8217;univers de Gaud\u00ed, o\u00f9 g\u00e9om\u00e9trie et nature se m\u00ealent harmonieusement.<\/p>","protected":false},"excerpt":{"rendered":"<p>Carreaux en gr\u00e8s c\u00e9rame \u00e0 l&#8217;aspect hydraulique, format 20\u00d720cm, avec un motif floral moderne dans les tons gris, terre, blanc et noir.Inspir\u00e9e par l&#8217;univers de l&#8217;architecte embl\u00e9matique mondialement connu, GAUD\u00cd est une s\u00e9rie de carreaux hydrauliques qui associe ses motifs d\u00e9coratifs hypnotiques \u00e0 une palette de couleurs intenses. Cette s\u00e9rie promet de vous transporter dans [&hellip;]<\/p>\n","protected":false},"featured_media":523185,"comment_status":"closed","ping_status":"closed","template":"","meta":[],"product_brand":[],"product_cat":[353,355,356,354,357],"product_tag":[],"class_list":{"0":"post-526891","1":"product","2":"type-product","3":"status-publish","4":"has-post-thumbnail","6":"product_cat-carrelage","7":"product_cat-cuisines","8":"product_cat-faiences","9":"product_cat-carrelage-salle-de-bain","10":"product_cat-carrelage-salon","12":"first","13":"instock","14":"shipping-taxable","15":"purchasable","16":"product-type-simple"},"_links":{"self":[{"href":"https:\/\/tilefly.com\/fr\/wp-json\/wp\/v2\/product\/526891","targetHints":{"allow":["GET"]}}],"collection":[{"href":"https:\/\/tilefly.com\/fr\/wp-json\/wp\/v2\/product"}],"about":[{"href":"https:\/\/tilefly.com\/fr\/wp-json\/wp\/v2\/types\/product"}],"replies":[{"embeddable":true,"href":"https:\/\/tilefly.com\/fr\/wp-json\/wp\/v2\/comments?post=526891"}],"wp:featuredmedia":[{"embeddable":true,"href":"https:\/\/tilefly.com\/fr\/wp-json\/wp\/v2\/media\/523185"}],"wp:attachment":[{"href":"https:\/\/tilefly.com\/fr\/wp-json\/wp\/v2\/media?parent=526891"}],"wp:term":[{"taxonomy":"product_brand","embeddable":true,"href":"https:\/\/tilefly.com\/fr\/wp-json\/wp\/v2\/product_brand?post=526891"},{"taxonomy":"product_cat","embeddable":true,"href":"https:\/\/tilefly.com\/fr\/wp-json\/wp\/v2\/product_cat?post=526891"},{"taxonomy":"product_tag","embeddable":true,"href":"https:\/\/tilefly.com\/fr\/wp-json\/wp\/v2\/product_tag?post=526891"}],"curies":[{"name":"wp","href":"https:\/\/api.w.org\/{rel}","templated":true}]}}