{"id":526854,"date":"2023-05-12T23:25:05","date_gmt":"2023-05-12T21:25:05","guid":{"rendered":"https:\/\/tilefly.com\/producto\/sunny-coconut-milk-23x26\/"},"modified":"2024-04-26T17:37:21","modified_gmt":"2024-04-26T15:37:21","slug":"sunny-coconut-milk-23x26","status":"publish","type":"product","link":"https:\/\/tilefly.com\/fr\/produit\/sunny-coconut-milk-23x26\/","title":{"rendered":"Sunny Coconut Milk 23X26"},"content":{"rendered":"<h1><strong>LAIT DE COCO SUNNY<\/strong><\/h1><p><\/p><h4>  format 23X26 de la s\u00e9rie MACBA<\/h4><p><\/p><h5>Formats vari\u00e9s, couleurs surprenantes.<\/h5><p> <\/p><p>  Une ancienne l\u00e9gende japonaise, selon laquelle un v\u0153u est exauc\u00e9 \u00e0 celui qui parvient \u00e0 cr\u00e9er mille grues en papier, inspire notre collection Klen.  <\/p><h2>S\u00e9rie Klen<\/h2><p>  Sa base est un ciment tr\u00e8s doux, velout\u00e9, mais l&#8217;\u00e9l\u00e9ment le plus caract\u00e9ristique de cette s\u00e9rie est le relief qui reproduit des figures d&#8217;origami. La c\u00e9ramique est en effet li\u00e9e \u00e0 l&#8217;art du pliage du papier : les pi\u00e8ces sont fabriqu\u00e9es une \u00e0 une, pli\u00e9es puis assembl\u00e9es pour former l&#8217;objet.  <\/p><h3>Un <a href=\"https:\/\/tilefly.com\/fr\/\">carreau<\/a> color\u00e9 aux formats modernes et surprenants, plein de signatures.<\/h3><p>  La s\u00e9rie <a href=\"https:\/\/tilefly.com\/producto\/klen\/\">Klen<\/a> est disponible en six couleurs diff\u00e9rentes : bleu, terracotta, perle, blanc, paladium et gris.  <\/p>","protected":false},"excerpt":{"rendered":"<p>LAIT DE COCO SUNNY format 23X26 de la s\u00e9rie MACBAFormats vari\u00e9s, couleurs surprenantes. Une ancienne l\u00e9gende japonaise, selon laquelle un v\u0153u est exauc\u00e9 \u00e0 celui qui parvient \u00e0 cr\u00e9er mille grues en papier, inspire notre collection Klen. S\u00e9rie Klen Sa base est un ciment tr\u00e8s doux, velout\u00e9, mais l&#8217;\u00e9l\u00e9ment le plus caract\u00e9ristique de cette s\u00e9rie [&hellip;]<\/p>\n","protected":false},"featured_media":523756,"comment_status":"open","ping_status":"closed","template":"","meta":[],"product_brand":[],"product_cat":[353,355,356,354],"product_tag":[],"class_list":{"0":"post-526854","1":"product","2":"type-product","3":"status-publish","4":"has-post-thumbnail","6":"product_cat-carrelage","7":"product_cat-cuisines","8":"product_cat-faiences","9":"product_cat-carrelage-salle-de-bain","11":"first","12":"instock","13":"shipping-taxable","14":"purchasable","15":"product-type-simple"},"_links":{"self":[{"href":"https:\/\/tilefly.com\/fr\/wp-json\/wp\/v2\/product\/526854","targetHints":{"allow":["GET"]}}],"collection":[{"href":"https:\/\/tilefly.com\/fr\/wp-json\/wp\/v2\/product"}],"about":[{"href":"https:\/\/tilefly.com\/fr\/wp-json\/wp\/v2\/types\/product"}],"replies":[{"embeddable":true,"href":"https:\/\/tilefly.com\/fr\/wp-json\/wp\/v2\/comments?post=526854"}],"wp:featuredmedia":[{"embeddable":true,"href":"https:\/\/tilefly.com\/fr\/wp-json\/wp\/v2\/media\/523756"}],"wp:attachment":[{"href":"https:\/\/tilefly.com\/fr\/wp-json\/wp\/v2\/media?parent=526854"}],"wp:term":[{"taxonomy":"product_brand","embeddable":true,"href":"https:\/\/tilefly.com\/fr\/wp-json\/wp\/v2\/product_brand?post=526854"},{"taxonomy":"product_cat","embeddable":true,"href":"https:\/\/tilefly.com\/fr\/wp-json\/wp\/v2\/product_cat?post=526854"},{"taxonomy":"product_tag","embeddable":true,"href":"https:\/\/tilefly.com\/fr\/wp-json\/wp\/v2\/product_tag?post=526854"}],"curies":[{"name":"wp","href":"https:\/\/api.w.org\/{rel}","templated":true}]}}