{"id":526827,"date":"2023-05-25T23:47:06","date_gmt":"2023-05-25T21:47:06","guid":{"rendered":"https:\/\/tilefly.com\/producto\/hexagon-nice-white-23x26\/"},"modified":"2024-04-26T17:31:23","modified_gmt":"2024-04-26T15:31:23","slug":"hexagon-nice-white-23x26","status":"publish","type":"product","link":"https:\/\/tilefly.com\/fr\/produit\/hexagon-nice-white-23x26\/","title":{"rendered":"Hexagon Nice White 23X26"},"content":{"rendered":"<h1><strong>Hexagone<\/strong><\/h1><p><\/p><h4>Carreaux format 23X26 de la s\u00e9rie STAY<\/h4><p><\/p><h5>Le temps des couleurs est venu.<\/h5><p> <\/p><h2>S\u00e9rie de <a href=\"https:\/\/tilefly.com\/fr\/produit\/stay\/\">s\u00e9jours<\/a><\/h2><p> <\/p><p>  Stay est une collection minimaliste, con\u00e7ue pour durer dans le temps. Son design JUK, original et audacieux, est un labyrinthe plein de possibilit\u00e9s pour vos murs. Ses couleurs avant-gardistes conf\u00e8rent \u00e0 la collection une touche sophistiqu\u00e9e qui est parfaitement compl\u00e9t\u00e9e par les d\u00e9cors Isla, notre version la plus moderne qui fait un clin d&#8217;\u0153il au terrazzo classique.<\/p>","protected":false},"excerpt":{"rendered":"<p>HexagoneCarreaux format 23X26 de la s\u00e9rie STAYLe temps des couleurs est venu. S\u00e9rie de s\u00e9jours Stay est une collection minimaliste, con\u00e7ue pour durer dans le temps. Son design JUK, original et audacieux, est un labyrinthe plein de possibilit\u00e9s pour vos murs. Ses couleurs avant-gardistes conf\u00e8rent \u00e0 la collection une touche sophistiqu\u00e9e qui est parfaitement compl\u00e9t\u00e9e [&hellip;]<\/p>\n","protected":false},"featured_media":524133,"comment_status":"open","ping_status":"closed","template":"","meta":[],"product_brand":[],"product_cat":[353,355,356,354],"product_tag":[],"class_list":{"0":"post-526827","1":"product","2":"type-product","3":"status-publish","4":"has-post-thumbnail","6":"product_cat-carrelage","7":"product_cat-cuisines","8":"product_cat-faiences","9":"product_cat-carrelage-salle-de-bain","11":"first","12":"instock","13":"shipping-taxable","14":"purchasable","15":"product-type-simple"},"_links":{"self":[{"href":"https:\/\/tilefly.com\/fr\/wp-json\/wp\/v2\/product\/526827","targetHints":{"allow":["GET"]}}],"collection":[{"href":"https:\/\/tilefly.com\/fr\/wp-json\/wp\/v2\/product"}],"about":[{"href":"https:\/\/tilefly.com\/fr\/wp-json\/wp\/v2\/types\/product"}],"replies":[{"embeddable":true,"href":"https:\/\/tilefly.com\/fr\/wp-json\/wp\/v2\/comments?post=526827"}],"wp:featuredmedia":[{"embeddable":true,"href":"https:\/\/tilefly.com\/fr\/wp-json\/wp\/v2\/media\/524133"}],"wp:attachment":[{"href":"https:\/\/tilefly.com\/fr\/wp-json\/wp\/v2\/media?parent=526827"}],"wp:term":[{"taxonomy":"product_brand","embeddable":true,"href":"https:\/\/tilefly.com\/fr\/wp-json\/wp\/v2\/product_brand?post=526827"},{"taxonomy":"product_cat","embeddable":true,"href":"https:\/\/tilefly.com\/fr\/wp-json\/wp\/v2\/product_cat?post=526827"},{"taxonomy":"product_tag","embeddable":true,"href":"https:\/\/tilefly.com\/fr\/wp-json\/wp\/v2\/product_tag?post=526827"}],"curies":[{"name":"wp","href":"https:\/\/api.w.org\/{rel}","templated":true}]}}