{"id":526815,"date":"2024-01-20T15:29:09","date_gmt":"2024-01-20T14:29:09","guid":{"rendered":"https:\/\/tilefly.com\/producto\/caliope-white-mt-30x60-inout\/"},"modified":"2024-04-26T17:29:43","modified_gmt":"2024-04-26T15:29:43","slug":"caliope-white-mt-30x60-inout","status":"publish","type":"product","link":"https:\/\/tilefly.com\/fr\/produit\/caliope-white-mt-30x60-inout\/","title":{"rendered":"CALIOPE WHITE MT 30X60 INOUT"},"content":{"rendered":"<h1><strong>Carreaux en gr\u00e8s c\u00e9rame \u00e9maill\u00e9 CALIOPE WHITE MT 30X60 INOUT<\/strong><\/h1><p>Ce carreau de la s\u00e9rie CALIOPE au format 30X60 est un gr\u00e8s c\u00e9rame \u00e9maill\u00e9 de couleur blanche en finition mate.<\/p><p>+&#8217;<\/p><p>Ce carreau est dot\u00e9 de la technologie INOUT, une caract\u00e9ristique du mat\u00e9riau qui le rend doux au toucher et antid\u00e9rapant entre C2-C3 et R10-R11, id\u00e9al pour une installation \u00e0 l&#8217;int\u00e9rieur et \u00e0 l&#8217;ext\u00e9rieur de la maison.<\/p><p>n&#8217;<\/p><h2>CALIOPE WHITE MT 30X60 INOUT<\/h2><p>Augmentez la luminosit\u00e9 de vos espaces avec le carrelage Caliope White MT 30&#215;60 cm INOUT. Ce carreau, \u00e0 la finition mate impeccable et \u00e0 la couleur blanche pure, refl\u00e8te la lumi\u00e8re de mani\u00e8re subtile, agrandissant visuellement les espaces. Id\u00e9al pour les zones qui cherchent \u00e0 donner une impression d&#8217;espace et de propret\u00e9. Sa finition antid\u00e9rapante C3\/R10 lui permet d&#8217;\u00eatre utilis\u00e9e aussi bien \u00e0 l&#8217;int\u00e9rieur qu&#8217;\u00e0 l&#8217;ext\u00e9rieur, alliant beaut\u00e9 et fonctionnalit\u00e9.<\/p>","protected":false},"excerpt":{"rendered":"<p>Carreaux en gr\u00e8s c\u00e9rame \u00e9maill\u00e9 CALIOPE WHITE MT 30X60 INOUTCe carreau de la s\u00e9rie CALIOPE au format 30X60 est un gr\u00e8s c\u00e9rame \u00e9maill\u00e9 de couleur blanche en finition mate.+&#8217;Ce carreau est dot\u00e9 de la technologie INOUT, une caract\u00e9ristique du mat\u00e9riau qui le rend doux au toucher et antid\u00e9rapant entre C2-C3 et R10-R11, id\u00e9al pour une [&hellip;]<\/p>\n","protected":false},"featured_media":525824,"comment_status":"open","ping_status":"closed","template":"","meta":[],"product_brand":[],"product_cat":[353,355,356,354],"product_tag":[],"class_list":{"0":"post-526815","1":"product","2":"type-product","3":"status-publish","4":"has-post-thumbnail","6":"product_cat-carrelage","7":"product_cat-cuisines","8":"product_cat-faiences","9":"product_cat-carrelage-salle-de-bain","11":"first","12":"instock","13":"shipping-taxable","14":"purchasable","15":"product-type-simple"},"_links":{"self":[{"href":"https:\/\/tilefly.com\/fr\/wp-json\/wp\/v2\/product\/526815","targetHints":{"allow":["GET"]}}],"collection":[{"href":"https:\/\/tilefly.com\/fr\/wp-json\/wp\/v2\/product"}],"about":[{"href":"https:\/\/tilefly.com\/fr\/wp-json\/wp\/v2\/types\/product"}],"replies":[{"embeddable":true,"href":"https:\/\/tilefly.com\/fr\/wp-json\/wp\/v2\/comments?post=526815"}],"wp:featuredmedia":[{"embeddable":true,"href":"https:\/\/tilefly.com\/fr\/wp-json\/wp\/v2\/media\/525824"}],"wp:attachment":[{"href":"https:\/\/tilefly.com\/fr\/wp-json\/wp\/v2\/media?parent=526815"}],"wp:term":[{"taxonomy":"product_brand","embeddable":true,"href":"https:\/\/tilefly.com\/fr\/wp-json\/wp\/v2\/product_brand?post=526815"},{"taxonomy":"product_cat","embeddable":true,"href":"https:\/\/tilefly.com\/fr\/wp-json\/wp\/v2\/product_cat?post=526815"},{"taxonomy":"product_tag","embeddable":true,"href":"https:\/\/tilefly.com\/fr\/wp-json\/wp\/v2\/product_tag?post=526815"}],"curies":[{"name":"wp","href":"https:\/\/api.w.org\/{rel}","templated":true}]}}