{"id":526740,"date":"2021-09-29T15:37:32","date_gmt":"2021-09-29T13:37:32","guid":{"rendered":"https:\/\/tilefly.com\/producto\/adhara-gold-pulido-60x120\/"},"modified":"2024-04-24T17:02:04","modified_gmt":"2024-04-24T15:02:04","slug":"adhara-gold-pulido-60x120","status":"publish","type":"product","link":"https:\/\/tilefly.com\/fr\/produit\/adhara-gold-pulido-60x120\/","title":{"rendered":"ADHARA GOLD PULIDO 60X120"},"content":{"rendered":"<p>S\u00e9rie GALASSIA<\/p><p>Cette s\u00e9rie repr\u00e9sente un niveau suppl\u00e9mentaire vers la perfection dans le design et la qualit\u00e9 de nos carreaux r\u00e9sultant de l&#8217;imperfection parfaite d&#8217;un des mat\u00e9riaux les plus purs, le marbre, inspir\u00e9 par la puret\u00e9 et l&#8217;\u00e9l\u00e9gance.<\/p>","protected":false},"excerpt":{"rendered":"<p>S\u00e9rie GALASSIACette s\u00e9rie repr\u00e9sente un niveau suppl\u00e9mentaire vers la perfection dans le design et la qualit\u00e9 de nos carreaux r\u00e9sultant de l&#8217;imperfection parfaite d&#8217;un des mat\u00e9riaux les plus purs, le marbre, inspir\u00e9 par la puret\u00e9 et l&#8217;\u00e9l\u00e9gance.<\/p>\n","protected":false},"featured_media":512869,"comment_status":"closed","ping_status":"closed","template":"","meta":[],"product_brand":[],"product_cat":[353,355,356,354,357],"product_tag":[],"class_list":{"0":"post-526740","1":"product","2":"type-product","3":"status-publish","4":"has-post-thumbnail","6":"product_cat-carrelage","7":"product_cat-cuisines","8":"product_cat-faiences","9":"product_cat-carrelage-salle-de-bain","10":"product_cat-carrelage-salon","12":"first","13":"outofstock","14":"shipping-taxable","15":"purchasable","16":"product-type-simple"},"_links":{"self":[{"href":"https:\/\/tilefly.com\/fr\/wp-json\/wp\/v2\/product\/526740","targetHints":{"allow":["GET"]}}],"collection":[{"href":"https:\/\/tilefly.com\/fr\/wp-json\/wp\/v2\/product"}],"about":[{"href":"https:\/\/tilefly.com\/fr\/wp-json\/wp\/v2\/types\/product"}],"replies":[{"embeddable":true,"href":"https:\/\/tilefly.com\/fr\/wp-json\/wp\/v2\/comments?post=526740"}],"wp:featuredmedia":[{"embeddable":true,"href":"https:\/\/tilefly.com\/fr\/wp-json\/wp\/v2\/media\/512869"}],"wp:attachment":[{"href":"https:\/\/tilefly.com\/fr\/wp-json\/wp\/v2\/media?parent=526740"}],"wp:term":[{"taxonomy":"product_brand","embeddable":true,"href":"https:\/\/tilefly.com\/fr\/wp-json\/wp\/v2\/product_brand?post=526740"},{"taxonomy":"product_cat","embeddable":true,"href":"https:\/\/tilefly.com\/fr\/wp-json\/wp\/v2\/product_cat?post=526740"},{"taxonomy":"product_tag","embeddable":true,"href":"https:\/\/tilefly.com\/fr\/wp-json\/wp\/v2\/product_tag?post=526740"}],"curies":[{"name":"wp","href":"https:\/\/api.w.org\/{rel}","templated":true}]}}