{"id":526731,"date":"2022-06-22T15:43:59","date_gmt":"2024-04-24T15:01:43","guid":{"rendered":"https:\/\/tilefly.com\/producto\/terrazzo-blanc-naturel-60x120\/"},"modified":"2024-04-24T17:01:43","modified_gmt":"2024-04-24T15:01:43","slug":"terrazzo-blanc-naturel-60x120","status":"publish","type":"product","link":"https:\/\/tilefly.com\/fr\/produit\/terrazzo-blanc-naturel-60x120\/","title":{"rendered":"TERRAZO BIANCO NATURAL 60X120"},"content":{"rendered":"<h1><strong>Carreaux en Gr\u00e8s c\u00e9rame TERRAZO BIANCO NATURAL 60X120<\/strong><\/h1><p>Ce carreau en gr\u00e8s c\u00e9rame au format cm, finition mate, naturel et de couleur blanc, gris, marron, noir \/ fonc\u00e9, rouge est parfait pour votre int\u00e9rieur. Son mat\u00e9riau de fabrication est le gr\u00e8s c\u00e9rame.<\/p><p>Particularit\u00e9s : Imitation pierre<\/p>","protected":false},"excerpt":{"rendered":"<p>Carreaux en Gr\u00e8s c\u00e9rame TERRAZO BIANCO NATURAL 60X120Ce carreau en gr\u00e8s c\u00e9rame au format cm, finition mate, naturel et de couleur blanc, gris, marron, noir \/ fonc\u00e9, rouge est parfait pour votre int\u00e9rieur. Son mat\u00e9riau de fabrication est le gr\u00e8s c\u00e9rame.Particularit\u00e9s : Imitation pierre<\/p>\n","protected":false},"featured_media":524450,"comment_status":"closed","ping_status":"closed","template":"","meta":[],"product_brand":[],"product_cat":[353,355,356,354,357],"product_tag":[],"class_list":{"0":"post-526731","1":"product","2":"type-product","3":"status-publish","4":"has-post-thumbnail","6":"product_cat-carrelage","7":"product_cat-cuisines","8":"product_cat-faiences","9":"product_cat-carrelage-salle-de-bain","10":"product_cat-carrelage-salon","12":"first","13":"outofstock","14":"shipping-taxable","15":"purchasable","16":"product-type-simple"},"_links":{"self":[{"href":"https:\/\/tilefly.com\/fr\/wp-json\/wp\/v2\/product\/526731","targetHints":{"allow":["GET"]}}],"collection":[{"href":"https:\/\/tilefly.com\/fr\/wp-json\/wp\/v2\/product"}],"about":[{"href":"https:\/\/tilefly.com\/fr\/wp-json\/wp\/v2\/types\/product"}],"replies":[{"embeddable":true,"href":"https:\/\/tilefly.com\/fr\/wp-json\/wp\/v2\/comments?post=526731"}],"wp:featuredmedia":[{"embeddable":true,"href":"https:\/\/tilefly.com\/fr\/wp-json\/wp\/v2\/media\/524450"}],"wp:attachment":[{"href":"https:\/\/tilefly.com\/fr\/wp-json\/wp\/v2\/media?parent=526731"}],"wp:term":[{"taxonomy":"product_brand","embeddable":true,"href":"https:\/\/tilefly.com\/fr\/wp-json\/wp\/v2\/product_brand?post=526731"},{"taxonomy":"product_cat","embeddable":true,"href":"https:\/\/tilefly.com\/fr\/wp-json\/wp\/v2\/product_cat?post=526731"},{"taxonomy":"product_tag","embeddable":true,"href":"https:\/\/tilefly.com\/fr\/wp-json\/wp\/v2\/product_tag?post=526731"}],"curies":[{"name":"wp","href":"https:\/\/api.w.org\/{rel}","templated":true}]}}