{"id":526728,"date":"2022-09-01T12:31:30","date_gmt":"2022-09-01T10:31:30","guid":{"rendered":"https:\/\/tilefly.com\/producto\/anti-slip-bourg-rect-60x120\/"},"modified":"2024-04-24T17:01:35","modified_gmt":"2024-04-24T15:01:35","slug":"anti-slip-bourg-rect-60x120","status":"publish","type":"product","link":"https:\/\/tilefly.com\/fr\/produit\/anti-slip-bourg-rect-60x120\/","title":{"rendered":"ANTI-SLIP BOURG RECT 60X120"},"content":{"rendered":"<div class=\"woocommerce-tabs wc-tabs-wrapper\"><div id=\"tab-description\" class=\"woocommerce-Tabs-panel woocommerce-Tabs-panel--description panel entry-content wc-tab\" role=\"tabpanel\" aria-labelledby=\"tab-title-description\"><p>Chez TileFly, vous trouverez la plus large gamme de Carreaux et de rev\u00eatements muraux et de sol en ligne. Notre \u00e9quipe travaille chaque jour pour toujours vous proposer les derni\u00e8res tendances en mati\u00e8re de carreaux, de mosa\u00efques, de carrelages et de fa\u00efences. Nous ne travaillons qu&#8217;avec des fabricants espagnols et italiens de premier plan. Ces entreprises garantissent une excellente qualit\u00e9 et disponibilit\u00e9 des produits. Nous vous rappelons que tous les Carreaux, Fa\u00efences et pi\u00e8ces sp\u00e9ciales que vous pouvez trouver sur notre site web disposent d&#8217;informations sp\u00e9cifiques \u00e0 chaque produit dans la section &#8220;Informations techniques&#8221;. Une fois que vous avez pass\u00e9 votre commande, notre \u00e9quipe v\u00e9rifie que toutes les caract\u00e9ristiques du produit s\u00e9lectionn\u00e9 sont correctes. Il peut arriver que certaines de ces donn\u00e9es soient erron\u00e9es ou contiennent des variations. Notre \u00e9quipe vous informera de toute variation afin d&#8217;avoir toujours votre accord pour que vous soyez s\u00fbr et surtout satisfait du produit que vous avez achet\u00e9.<\/p><\/div><\/div>","protected":false},"excerpt":{"rendered":"<p>Chez TileFly, vous trouverez la plus large gamme de Carreaux et de rev\u00eatements muraux et de sol en ligne. Notre \u00e9quipe travaille chaque jour pour toujours vous proposer les derni\u00e8res tendances en mati\u00e8re de carreaux, de mosa\u00efques, de carrelages et de fa\u00efences. Nous ne travaillons qu&#8217;avec des fabricants espagnols et italiens de premier plan. Ces [&hellip;]<\/p>\n","protected":false},"featured_media":519296,"comment_status":"closed","ping_status":"closed","template":"","meta":[],"product_brand":[],"product_cat":[358],"product_tag":[],"class_list":{"0":"post-526728","1":"product","2":"type-product","3":"status-publish","4":"has-post-thumbnail","6":"product_cat-non-categorise","8":"first","9":"instock","10":"shipping-taxable","11":"purchasable","12":"product-type-simple"},"_links":{"self":[{"href":"https:\/\/tilefly.com\/fr\/wp-json\/wp\/v2\/product\/526728","targetHints":{"allow":["GET"]}}],"collection":[{"href":"https:\/\/tilefly.com\/fr\/wp-json\/wp\/v2\/product"}],"about":[{"href":"https:\/\/tilefly.com\/fr\/wp-json\/wp\/v2\/types\/product"}],"replies":[{"embeddable":true,"href":"https:\/\/tilefly.com\/fr\/wp-json\/wp\/v2\/comments?post=526728"}],"wp:featuredmedia":[{"embeddable":true,"href":"https:\/\/tilefly.com\/fr\/wp-json\/wp\/v2\/media\/519296"}],"wp:attachment":[{"href":"https:\/\/tilefly.com\/fr\/wp-json\/wp\/v2\/media?parent=526728"}],"wp:term":[{"taxonomy":"product_brand","embeddable":true,"href":"https:\/\/tilefly.com\/fr\/wp-json\/wp\/v2\/product_brand?post=526728"},{"taxonomy":"product_cat","embeddable":true,"href":"https:\/\/tilefly.com\/fr\/wp-json\/wp\/v2\/product_cat?post=526728"},{"taxonomy":"product_tag","embeddable":true,"href":"https:\/\/tilefly.com\/fr\/wp-json\/wp\/v2\/product_tag?post=526728"}],"curies":[{"name":"wp","href":"https:\/\/api.w.org\/{rel}","templated":true}]}}