{"id":526725,"date":"2023-01-09T13:05:51","date_gmt":"2024-04-24T15:01:32","guid":{"rendered":"https:\/\/tilefly.com\/producto\/valmalenco-lap-rect-60x120\/"},"modified":"2024-04-24T17:01:32","modified_gmt":"2024-04-24T15:01:32","slug":"valmalenco-lap-rect-60x120","status":"publish","type":"product","link":"https:\/\/tilefly.com\/fr\/produit\/valmalenco-lap-rect-60x120\/","title":{"rendered":"VALMALENCO LAP RECT 60X120"},"content":{"rendered":"<h1><strong>Valmalenco<\/strong><\/h1><p><\/p><h4>Carreaux format 60&#215;120 de la s\u00e9rie 4.STONES<\/h4><p><\/p><h5>Une surface pleine de passion<\/h5><p><\/p><p>Cette pierre porte le nom de son lieu d&#8217;origine. Le Valmalenco est une large vall\u00e9e alpine situ\u00e9e dans la province de Sondrio (Italie), pr\u00e8s de la fronti\u00e8re suisse. Mat\u00e9riau \u00e0 l&#8217;aspect serpentin gr\u00e2ce \u00e0 ses veines, il est devenu un signe distinctif de l&#8217;architecture milanaise.<\/p><h2>S\u00e9rie 4 Pierres<\/h2><p>Quatre propositions de pierres dans leur typologie originale pour garantir des reproductions authentiques de pierres naturelles en termes de couleur, de surface et de texture. Chacun est con\u00e7u pour s&#8217;int\u00e9grer dans n&#8217;importe quel environnement, qu&#8217;il soit public ou priv\u00e9, \u00e0 l&#8217;int\u00e9rieur ou \u00e0 l&#8217;ext\u00e9rieur.<\/p><p>Il est \u00e9galement disponible dans un format de 120 cm et avec une \u00e9paisseur de 20 mm, qui peut \u00eatre utilis\u00e9 pour les jardins et les piscines.<\/p><p>Pour la d\u00e9coration, nous avons cr\u00e9\u00e9 sur chaque pierre une structure qui reproduit les anciens plans de coupe que le marbrier pla\u00e7ait sur les pi\u00e8ces dans l&#8217;atelier.<\/p><p>Original ou copie ? Naturel ou num\u00e9rique ? Cette collection de 4 pierres en c\u00e9ramique d\u00e9fie les limites de la fabrication. Reproductions pleines d&#8217;authenticit\u00e9 et de saveur, <a href=\"https:\/\/tilefly.com\/?post_type=product&#038;p=519157\">4 Stones<\/a> est une nouvelle fa\u00e7on d&#8217;appr\u00e9hender le design, o\u00f9 qualit\u00e9, naturel et durabilit\u00e9 vont de pair.<\/p>","protected":false},"excerpt":{"rendered":"<p>ValmalencoCarreaux format 60&#215;120 de la s\u00e9rie 4.STONESUne surface pleine de passionCette pierre porte le nom de son lieu d&#8217;origine. Le Valmalenco est une large vall\u00e9e alpine situ\u00e9e dans la province de Sondrio (Italie), pr\u00e8s de la fronti\u00e8re suisse. Mat\u00e9riau \u00e0 l&#8217;aspect serpentin gr\u00e2ce \u00e0 ses veines, il est devenu un signe distinctif de l&#8217;architecture milanaise.S\u00e9rie [&hellip;]<\/p>\n","protected":false},"featured_media":520639,"comment_status":"open","ping_status":"closed","template":"","meta":[],"product_brand":[],"product_cat":[353,355,356,354],"product_tag":[],"class_list":{"0":"post-526725","1":"product","2":"type-product","3":"status-publish","4":"has-post-thumbnail","6":"product_cat-carrelage","7":"product_cat-cuisines","8":"product_cat-faiences","9":"product_cat-carrelage-salle-de-bain","11":"first","12":"outofstock","13":"shipping-taxable","14":"purchasable","15":"product-type-simple"},"_links":{"self":[{"href":"https:\/\/tilefly.com\/fr\/wp-json\/wp\/v2\/product\/526725","targetHints":{"allow":["GET"]}}],"collection":[{"href":"https:\/\/tilefly.com\/fr\/wp-json\/wp\/v2\/product"}],"about":[{"href":"https:\/\/tilefly.com\/fr\/wp-json\/wp\/v2\/types\/product"}],"replies":[{"embeddable":true,"href":"https:\/\/tilefly.com\/fr\/wp-json\/wp\/v2\/comments?post=526725"}],"wp:featuredmedia":[{"embeddable":true,"href":"https:\/\/tilefly.com\/fr\/wp-json\/wp\/v2\/media\/520639"}],"wp:attachment":[{"href":"https:\/\/tilefly.com\/fr\/wp-json\/wp\/v2\/media?parent=526725"}],"wp:term":[{"taxonomy":"product_brand","embeddable":true,"href":"https:\/\/tilefly.com\/fr\/wp-json\/wp\/v2\/product_brand?post=526725"},{"taxonomy":"product_cat","embeddable":true,"href":"https:\/\/tilefly.com\/fr\/wp-json\/wp\/v2\/product_cat?post=526725"},{"taxonomy":"product_tag","embeddable":true,"href":"https:\/\/tilefly.com\/fr\/wp-json\/wp\/v2\/product_tag?post=526725"}],"curies":[{"name":"wp","href":"https:\/\/api.w.org\/{rel}","templated":true}]}}