{"id":526702,"date":"2023-02-03T14:19:08","date_gmt":"2023-02-03T13:19:08","guid":{"rendered":"https:\/\/tilefly.com\/producto\/elementi-pearl-mt-60x120-rect\/"},"modified":"2024-04-24T17:01:07","modified_gmt":"2024-04-24T15:01:07","slug":"elementi-pearl-mt-60x120-rect","status":"publish","type":"product","link":"https:\/\/tilefly.com\/fr\/produit\/elementi-pearl-mt-60x120-rect\/","title":{"rendered":"ELEMENTI PEARL MT 60X120 RECT"},"content":{"rendered":"<h1><strong>Elementi Pearl Matt Gr\u00e8s c\u00e9rame \u00e9maill\u00e9 Mt 60X120 Rect<\/strong><\/h1><p>Ce carreau de la s\u00e9rie Elementi au format 60X120 est un carreau en gr\u00e8s c\u00e9rame \u00e9maill\u00e9 de couleur perle en finition mate.<\/p><h2>S\u00e9rie Elementi<\/h2><p>La s\u00e9rie <a href=\"https:\/\/tilefly.com\/fr\/produit\/elementi\/\">Elementi<\/a> est destin\u00e9e \u00e0 \u00eatre la peau par excellence des espaces contemporains. Cette conception va au-del\u00e0 de l&#8217;effet b\u00e9ton traditionnel. Gr\u00e2ce \u00e0 l&#8217;attention port\u00e9e aux d\u00e9tails de la surface et \u00e0 la d\u00e9-tonalisation des pi\u00e8ces, il va au-del\u00e0 du minimalisme et devient le protagoniste du look avec une forte identit\u00e9.<\/p>","protected":false},"excerpt":{"rendered":"<p>Elementi Pearl Matt Gr\u00e8s c\u00e9rame \u00e9maill\u00e9 Mt 60X120 RectCe carreau de la s\u00e9rie Elementi au format 60X120 est un carreau en gr\u00e8s c\u00e9rame \u00e9maill\u00e9 de couleur perle en finition mate.S\u00e9rie ElementiLa s\u00e9rie Elementi est destin\u00e9e \u00e0 \u00eatre la peau par excellence des espaces contemporains. Cette conception va au-del\u00e0 de l&#8217;effet b\u00e9ton traditionnel. Gr\u00e2ce \u00e0 l&#8217;attention [&hellip;]<\/p>\n","protected":false},"featured_media":521785,"comment_status":"open","ping_status":"closed","template":"","meta":[],"product_brand":[],"product_cat":[353,355,356,354],"product_tag":[],"class_list":{"0":"post-526702","1":"product","2":"type-product","3":"status-publish","4":"has-post-thumbnail","6":"product_cat-carrelage","7":"product_cat-cuisines","8":"product_cat-faiences","9":"product_cat-carrelage-salle-de-bain","11":"first","12":"instock","13":"shipping-taxable","14":"purchasable","15":"product-type-simple"},"_links":{"self":[{"href":"https:\/\/tilefly.com\/fr\/wp-json\/wp\/v2\/product\/526702","targetHints":{"allow":["GET"]}}],"collection":[{"href":"https:\/\/tilefly.com\/fr\/wp-json\/wp\/v2\/product"}],"about":[{"href":"https:\/\/tilefly.com\/fr\/wp-json\/wp\/v2\/types\/product"}],"replies":[{"embeddable":true,"href":"https:\/\/tilefly.com\/fr\/wp-json\/wp\/v2\/comments?post=526702"}],"wp:featuredmedia":[{"embeddable":true,"href":"https:\/\/tilefly.com\/fr\/wp-json\/wp\/v2\/media\/521785"}],"wp:attachment":[{"href":"https:\/\/tilefly.com\/fr\/wp-json\/wp\/v2\/media?parent=526702"}],"wp:term":[{"taxonomy":"product_brand","embeddable":true,"href":"https:\/\/tilefly.com\/fr\/wp-json\/wp\/v2\/product_brand?post=526702"},{"taxonomy":"product_cat","embeddable":true,"href":"https:\/\/tilefly.com\/fr\/wp-json\/wp\/v2\/product_cat?post=526702"},{"taxonomy":"product_tag","embeddable":true,"href":"https:\/\/tilefly.com\/fr\/wp-json\/wp\/v2\/product_tag?post=526702"}],"curies":[{"name":"wp","href":"https:\/\/api.w.org\/{rel}","templated":true}]}}