{"id":526694,"date":"2023-08-16T16:24:22","date_gmt":"2023-08-16T14:24:22","guid":{"rendered":"https:\/\/tilefly.com\/producto\/jasper-oxido-mt-60x120-rect\/"},"modified":"2024-04-24T16:59:29","modified_gmt":"2024-04-24T14:59:29","slug":"jasper-oxido-mt-60x120-rect","status":"publish","type":"product","link":"https:\/\/tilefly.com\/fr\/produit\/jasper-oxido-mt-60x120-rect\/","title":{"rendered":"JASPER OXIDO MT 60X120 RECT."},"content":{"rendered":"<div class=\"woocommerce-tabs wc-tabs-wrapper\"><div id=\"tab-description\" class=\"woocommerce-Tabs-panel woocommerce-Tabs-panel--description panel entry-content wc-tab\" role=\"tabpanel\" aria-labelledby=\"tab-title-description\"><p>Ce carreau de porcelaine de la s\u00e9rie JASPER se distingue par son mat\u00e9riau Gr\u00e8s c\u00e9rame color\u00e9 Masse \u00e9tant l&#8217;un des plus r\u00e9sistants du march\u00e9, il a une texture Effet M\u00e9tal avec une finition Mate en format 60X120 RECT.<\/p><\/div><\/div><div class=\"info-tecnica\"><\/div>","protected":false},"excerpt":{"rendered":"<p>Ce carreau de porcelaine de la s\u00e9rie JASPER se distingue par son mat\u00e9riau Gr\u00e8s c\u00e9rame color\u00e9 Masse \u00e9tant l&#8217;un des plus r\u00e9sistants du march\u00e9, il a une texture Effet M\u00e9tal avec une finition Mate en format 60X120 RECT.<\/p>\n","protected":false},"featured_media":524701,"comment_status":"closed","ping_status":"closed","template":"","meta":[],"product_brand":[],"product_cat":[353,355,356,354,357],"product_tag":[],"class_list":{"0":"post-526694","1":"product","2":"type-product","3":"status-publish","4":"has-post-thumbnail","6":"product_cat-carrelage","7":"product_cat-cuisines","8":"product_cat-faiences","9":"product_cat-carrelage-salle-de-bain","10":"product_cat-carrelage-salon","12":"first","13":"outofstock","14":"shipping-taxable","15":"purchasable","16":"product-type-simple"},"_links":{"self":[{"href":"https:\/\/tilefly.com\/fr\/wp-json\/wp\/v2\/product\/526694","targetHints":{"allow":["GET"]}}],"collection":[{"href":"https:\/\/tilefly.com\/fr\/wp-json\/wp\/v2\/product"}],"about":[{"href":"https:\/\/tilefly.com\/fr\/wp-json\/wp\/v2\/types\/product"}],"replies":[{"embeddable":true,"href":"https:\/\/tilefly.com\/fr\/wp-json\/wp\/v2\/comments?post=526694"}],"wp:featuredmedia":[{"embeddable":true,"href":"https:\/\/tilefly.com\/fr\/wp-json\/wp\/v2\/media\/524701"}],"wp:attachment":[{"href":"https:\/\/tilefly.com\/fr\/wp-json\/wp\/v2\/media?parent=526694"}],"wp:term":[{"taxonomy":"product_brand","embeddable":true,"href":"https:\/\/tilefly.com\/fr\/wp-json\/wp\/v2\/product_brand?post=526694"},{"taxonomy":"product_cat","embeddable":true,"href":"https:\/\/tilefly.com\/fr\/wp-json\/wp\/v2\/product_cat?post=526694"},{"taxonomy":"product_tag","embeddable":true,"href":"https:\/\/tilefly.com\/fr\/wp-json\/wp\/v2\/product_tag?post=526694"}],"curies":[{"name":"wp","href":"https:\/\/api.w.org\/{rel}","templated":true}]}}