{"id":526686,"date":"2023-02-06T19:51:40","date_gmt":"2024-04-24T14:59:22","guid":{"rendered":"https:\/\/tilefly.com\/producto\/bellevue-graphite-60x120-rect-poli\/"},"modified":"2024-04-24T16:59:22","modified_gmt":"2024-04-24T14:59:22","slug":"bellevue-graphite-60x120-rect-poli","status":"publish","type":"product","link":"https:\/\/tilefly.com\/fr\/produit\/bellevue-graphite-60x120-rect-poli\/","title":{"rendered":"BELLEVUE GRAPHITE 60X120 RECT PULIDO"},"content":{"rendered":"<h1><strong>Bellevue Graphite 60X120 Rect Polished Carreaux en gr\u00e8s c\u00e9rame \u00e9maill\u00e9 poli<\/strong><\/h1><p>Ce carreau de la s\u00e9rie Bellevue au format 60X120 est un gr\u00e8s c\u00e9rame \u00e9maill\u00e9 poli de couleur grise en finition polie.<\/p><h2>S\u00e9rie Bellevue<\/h2><p>Collection de carreaux imitation pierre <a href=\"https:\/\/tilefly.com\/producto\/bellevue\/\">Bellevue<\/a><\/p><p>L&#8217;\u00e9l\u00e9gance raffin\u00e9e de la pierre prend vie dans un environnement plein de beaut\u00e9 visuelle !<\/p><p>La collection fait r\u00e9f\u00e9rence \u00e0 la pierre naturelle de Burlington mais ramen\u00e9e au minimalisme. Fond compact avec des mouvements subtils qui lui donnent du dynamisme et des veines fines des meilleures coupes. Il suscite des \u00e9motions et communique la passion. Un design intemporel qui se distingue par sa simplicit\u00e9, car il ne domine pas les espaces, mais laisse les personnalit\u00e9s s&#8217;exprimer.<\/p>","protected":false},"excerpt":{"rendered":"<p>Bellevue Graphite 60X120 Rect Polished Carreaux en gr\u00e8s c\u00e9rame \u00e9maill\u00e9 poliCe carreau de la s\u00e9rie Bellevue au format 60X120 est un gr\u00e8s c\u00e9rame \u00e9maill\u00e9 poli de couleur grise en finition polie.S\u00e9rie BellevueCollection de carreaux imitation pierre BellevueL&#8217;\u00e9l\u00e9gance raffin\u00e9e de la pierre prend vie dans un environnement plein de beaut\u00e9 visuelle !La collection fait r\u00e9f\u00e9rence \u00e0 [&hellip;]<\/p>\n","protected":false},"featured_media":522662,"comment_status":"open","ping_status":"closed","template":"","meta":[],"product_brand":[],"product_cat":[353,355,356,354],"product_tag":[],"class_list":{"0":"post-526686","1":"product","2":"type-product","3":"status-publish","4":"has-post-thumbnail","6":"product_cat-carrelage","7":"product_cat-cuisines","8":"product_cat-faiences","9":"product_cat-carrelage-salle-de-bain","11":"first","12":"outofstock","13":"shipping-taxable","14":"purchasable","15":"product-type-simple"},"_links":{"self":[{"href":"https:\/\/tilefly.com\/fr\/wp-json\/wp\/v2\/product\/526686","targetHints":{"allow":["GET"]}}],"collection":[{"href":"https:\/\/tilefly.com\/fr\/wp-json\/wp\/v2\/product"}],"about":[{"href":"https:\/\/tilefly.com\/fr\/wp-json\/wp\/v2\/types\/product"}],"replies":[{"embeddable":true,"href":"https:\/\/tilefly.com\/fr\/wp-json\/wp\/v2\/comments?post=526686"}],"wp:featuredmedia":[{"embeddable":true,"href":"https:\/\/tilefly.com\/fr\/wp-json\/wp\/v2\/media\/522662"}],"wp:attachment":[{"href":"https:\/\/tilefly.com\/fr\/wp-json\/wp\/v2\/media?parent=526686"}],"wp:term":[{"taxonomy":"product_brand","embeddable":true,"href":"https:\/\/tilefly.com\/fr\/wp-json\/wp\/v2\/product_brand?post=526686"},{"taxonomy":"product_cat","embeddable":true,"href":"https:\/\/tilefly.com\/fr\/wp-json\/wp\/v2\/product_cat?post=526686"},{"taxonomy":"product_tag","embeddable":true,"href":"https:\/\/tilefly.com\/fr\/wp-json\/wp\/v2\/product_tag?post=526686"}],"curies":[{"name":"wp","href":"https:\/\/api.w.org\/{rel}","templated":true}]}}